{"id":5069,"date":"2022-01-21T12:23:57","date_gmt":"2022-01-21T12:23:57","guid":{"rendered":"https:\/\/www.elcolmado.de\/?page_id=5069"},"modified":"2024-06-17T13:05:22","modified_gmt":"2024-06-17T13:05:22","slug":"tisch-reservieren-reserva-book-now","status":"publish","type":"page","link":"https:\/\/www.elcolmado.de\/es\/tisch-reservieren-reserva-book-now\/","title":{"rendered":"TISCH RESERVIEREN \/ RESERVA \/ BOOK NOW"},"content":{"rendered":"<div class=\"wpb-content-wrapper\"><p>[vc_row css_animation=\u00bb\u00bb row_type=\u00bbrow\u00bb use_row_as_full_screen_section=\u00bbno\u00bb type=\u00bbfull_width\u00bb angled_section=\u00bbno\u00bb text_align=\u00bbleft\u00bb background_image_as_pattern=\u00bbwithout_pattern\u00bb css=\u00bb.vc_custom_1679073766428{margin-top: 6% !important;margin-bottom: 2% !important;padding-top: 2% !important;padding-right: 5% !important;padding-bottom: 2% !important;padding-left: 5% !important;}\u00bb z_index=\u00bb\u00bb][vc_column][vc_column_text]<\/p>\n<h1 style=\"text-align: center; margin-bottom: 20px;\">Restaurante Espa\u00f1ol en Berlin<\/h1>\n<p>[\/vc_column_text][vc_column_text]<\/p>\n<p style=\"text-align: center;\">El Colmado es un <strong>restaurante espa\u00f1ol en Alexanderplatz y Kudamm.<\/strong><\/p>\n<p style=\"text-align: center;\">Importamos todos nuestros productos directamente desde Espa\u00f1a para ofrecerte los mejores sabores de la ciudad. En El Colmado encontrar\u00e1s embutidos, vinos, aceite o aceitunas\u2026 \u00a1es el mejor regalo para un familiar, amigo o para tu propio paladar!<\/p>\n<p>[\/vc_column_text][\/vc_column][\/vc_row][vc_row css_animation=\u00bb\u00bb row_type=\u00bbrow\u00bb use_row_as_full_screen_section=\u00bbyes\u00bb type=\u00bbfull_width\u00bb angled_section=\u00bbno\u00bb text_align=\u00bbcenter\u00bb background_image_as_pattern=\u00bbwithout_pattern\u00bb background_color=\u00bb#ffffff\u00bb side_padding=\u00bb0% 0% 0% 0%\u00bb css=\u00bb.vc_custom_1626343249261{padding-right: 0px !important;padding-left: 0px !important;background-color: #ffffff !important;}\u00bb z_index=\u00bb\u00bb el_id=\u00bbbloque_reservas_portada\u00bb][vc_column width=\u00bb1\/2&#8243; css=\u00bb.vc_custom_1626260317901{padding-right: 0px !important;padding-left: 0px !important;}\u00bb el_id=\u00bbALEXANDERPLATZ\u00bb el_class=\u00bbALEXANDERPLATZ\u00bb]<div class=\"q_image_with_text_over\"><div class=\"shader\" ><\/div><img decoding=\"async\" itemprop=\"image\" src=\"https:\/\/www.elcolmado.de\/wp-content\/uploads\/2024\/04\/Kudamm.jpg\" alt=\"RESERVAR MESA EN KUDAMM\" \/><div class=\"text\"><table><tr><td><i class=\"qode_icon_font_awesome fa fa-book icon_holder fa-3x\" style=\"\" ><\/i><h2 class=\"caption \" style=\"font-size: 25px;\">RESERVAR MESA EN KUDAMM<\/h2><\/td><\/tr><\/table><table><tr><td><div class=\"desc\"><a  itemprop=\"url\" href=\"https:\/\/www.elcolmado.de\/es\/tisch-reservieren-kudamm\/\" target=\"_self\"  class=\"qbutton  medium default\" style=\"\">RESERVAR<\/a><\/div><\/td><\/tr><\/table><\/div><\/div>[\/vc_column][vc_column width=\u00bb1\/2&#8243; css=\u00bb.vc_custom_1626260325388{padding-right: 0px !important;padding-left: 0px !important;}\u00bb el_id=\u00bbKUDAMM\u00bb el_class=\u00bbKUDAMM\u00bb]<div class=\"q_image_with_text_over\"><div class=\"shader\" ><\/div><img decoding=\"async\" itemprop=\"image\" src=\"https:\/\/www.elcolmado.de\/wp-content\/uploads\/2024\/06\/DSF_0192_.jpg\" alt=\"RESERVAR MESA EN ALEXANDERPLATZ\" \/><div class=\"text\"><table><tr><td><i class=\"qode_icon_font_awesome fa fa-book icon_holder fa-3x\" style=\"\" ><\/i><h2 class=\"caption \" style=\"font-size: 25px;\">RESERVAR MESA EN ALEXANDERPLATZ<\/h2><\/td><\/tr><\/table><table><tr><td><div class=\"desc\"><a  itemprop=\"url\" href=\"https:\/\/www.elcolmado.de\/es\/tisch-reservieren-alexanderplatz\/\" target=\"_self\"  class=\"qbutton  medium default\" style=\"\">RESERVAR<\/a><\/div><\/td><\/tr><\/table><\/div><\/div>[\/vc_column][\/vc_row][vc_row css_animation=\u00bb\u00bb row_type=\u00bbrow\u00bb use_row_as_full_screen_section=\u00bbno\u00bb type=\u00bbfull_width\u00bb angled_section=\u00bbno\u00bb text_align=\u00bbleft\u00bb background_image_as_pattern=\u00bbwithout_pattern\u00bb css=\u00bb.vc_custom_1679073904565{padding-top: 3% !important;padding-right: 10% !important;padding-bottom: 3% !important;padding-left: 10% !important;}\u00bb z_index=\u00bb\u00bb][vc_column][vc_column_text css=\u00bb\u00bb]<\/p>\n<h2 style=\"margin-bottom: 15px;\"><strong>Tapas cl\u00e1sicas y contempor\u00e1neas<\/strong><\/h2>\n<p>Nuestro men\u00fa te trae la aut\u00e9ntica cocina espa\u00f1ola con una selecci\u00f3n de Tapas cl\u00e1sicas y modernas. Nuestros vinos espa\u00f1oles combinados con nuestras tapas y paellas te deleitar\u00e1n con una aut\u00e9ntica experiencia espa\u00f1ola en un restaurante espa\u00f1ol premiado en Berl\u00edn.<\/p>\n<p>Nos consideran uno de los mejores restaurantes espa\u00f1oles en Berlin por la autenticidad de todos nuestros platos espa\u00f1oles (s\u00ed, autenticidad), ingredientes de alta calidad y nuestro compromiso social con los ni\u00f1os m\u00e1s necesitados. Nuestro objetivo es que no sepas qu\u00e9 elegir de nuestra carta porque todos nuestros platos te apetezcan y est\u00e9s deseando volver una y otra vez para probarlos todos. Adem\u00e1s todas las semanas tenemos platos fuera de carta y caracter\u00edsticos de diferentes regiones de Espa\u00f1a, dise\u00f1ados cuidadosamente por nuestros chefs. Importamos desde Espa\u00f1a nuestros productos y vinos para lograr esa autenticidad por la que tanto empe\u00f1o ponemos en conseguir. Deja que el ambiente \u00fanico que se vive en El Colmado te transporte directamente a Espa\u00f1a.<\/p>\n<p>&nbsp;<\/p>\n<h2 style=\"margin-bottom: 15px;\"><strong>Reservas de grupos<\/strong><\/h2>\n<p>Te prometemos a ti y a tu equipo o amigos el verdadero sabor espa\u00f1ol con nuestros platos espa\u00f1oles con una calidad excepcional.<\/p>\n<p>&nbsp;<\/p>\n<p>Para grupos de m\u00e1s de 12 personas recomendamos cerrar uno de nuestros men\u00fas de grupo para evitar\u00a0tiempos de espera y si sois un grupo numeroso, podemos incluso cerrar un \u00e1rea o el restaurante completo para vuestro evento, con todo nuestro equipo dedicado a ofreceros la mejor\u00a0comida espa\u00f1ola de Berlin y transportaros a Espa\u00f1a durante el tiempo que est\u00e9is con nosotros.<\/p>\n<p>&nbsp;<\/p>\n<h2 style=\"margin-bottom: 15px;\"><b>Regala Gastronom\u00eda Espa\u00f1ola<\/b><\/h2>\n<div><\/div>\n<div>Deleita a tus amigos o familiares regalando un Bono Regalo para disfrutar de la mejor cocina espa\u00f1ola de Berlin en cualquiera de nuestros dos restaurantes. Tan s\u00f3lo escr\u00edbenos un correo con la cantidad que deseas\u00a0regalar y te enviaremos por email una Tarjeta Regalo llena de emociones, as\u00ed de simple! \u00a1Qu\u00e9 mejor manera de compartir un regalo que regalando la gastronom\u00eda espa\u00f1ola que precisamente est\u00e1 pensada para compartir!<\/div>\n<p>[\/vc_column_text][\/vc_column][\/vc_row]<\/p>\n<\/div>","protected":false},"excerpt":{"rendered":"<p>[vc_row css_animation=\u00bb\u00bb row_type=\u00bbrow\u00bb use_row_as_full_screen_section=\u00bbno\u00bb type=\u00bbfull_width\u00bb angled_section=\u00bbno\u00bb text_align=\u00bbleft\u00bb background_image_as_pattern=\u00bbwithout_pattern\u00bb css=\u00bb.vc_custom_1679073766428{margin-top: 6% !important;margin-bottom: 2% !important;padding-top: 2% !important;padding-right: 5% !important;padding-bottom: 2% !important;padding-left: 5% !important;}\u00bb z_index=\u00bb\u00bb][vc_column][vc_column_text] Restaurante Espa\u00f1ol en Berlin [\/vc_column_text][vc_column_text] El Colmado es un restaurante espa\u00f1ol en Alexanderplatz y Kudamm. Importamos todos nuestros productos directamente desde Espa\u00f1a para&#8230;<\/p>\n","protected":false},"author":2,"featured_media":0,"parent":0,"menu_order":0,"comment_status":"closed","ping_status":"closed","template":"full_width.php","meta":{"footnotes":""},"class_list":["post-5069","page","type-page","status-publish","hentry"],"yoast_head":"<!-- This site is optimized with the Yoast SEO plugin v27.5 - https:\/\/yoast.com\/product\/yoast-seo-wordpress\/ -->\n<title>Restaurante Espa\u00f1ol en Berlin - El Colmado<\/title>\n<meta name=\"description\" content=\"El Colmado es un restaurante espa\u00f1ol en Berlin, en Alexanderplatz y Kudamm. Importamos todos nuestros productos directamente desde Espa\u00f1a\" \/>\n<meta name=\"robots\" content=\"index, follow, max-snippet:-1, max-image-preview:large, max-video-preview:-1\" \/>\n<link rel=\"canonical\" href=\"https:\/\/www.elcolmado.de\/es\/tisch-reservieren-reserva-book-now\/\" \/>\n<meta property=\"og:locale\" content=\"es_ES\" \/>\n<meta property=\"og:type\" content=\"article\" \/>\n<meta property=\"og:title\" content=\"Restaurante Espa\u00f1ol en Berlin - El Colmado\" \/>\n<meta property=\"og:description\" content=\"El Colmado es un restaurante espa\u00f1ol en Berlin, en Alexanderplatz y Kudamm. Importamos todos nuestros productos directamente desde Espa\u00f1a\" \/>\n<meta property=\"og:url\" content=\"https:\/\/www.elcolmado.de\/es\/tisch-reservieren-reserva-book-now\/\" \/>\n<meta property=\"og:site_name\" content=\"elcolmado.de\" \/>\n<meta property=\"article:modified_time\" content=\"2024-06-17T13:05:22+00:00\" \/>\n<meta name=\"twitter:card\" content=\"summary_large_image\" \/>\n<meta name=\"twitter:label1\" content=\"Tiempo de lectura\" \/>\n\t<meta name=\"twitter:data1\" content=\"3 minutos\" \/>\n<script type=\"application\/ld+json\" class=\"yoast-schema-graph\">{\"@context\":\"https:\\\/\\\/schema.org\",\"@graph\":[{\"@type\":\"WebPage\",\"@id\":\"https:\\\/\\\/www.elcolmado.de\\\/es\\\/tisch-reservieren-reserva-book-now\\\/\",\"url\":\"https:\\\/\\\/www.elcolmado.de\\\/es\\\/tisch-reservieren-reserva-book-now\\\/\",\"name\":\"Restaurante Espa\u00f1ol en Berlin - El Colmado\",\"isPartOf\":{\"@id\":\"https:\\\/\\\/www.elcolmado.de\\\/#website\"},\"datePublished\":\"2022-01-21T12:23:57+00:00\",\"dateModified\":\"2024-06-17T13:05:22+00:00\",\"description\":\"El Colmado es un restaurante espa\u00f1ol en Berlin, en Alexanderplatz y Kudamm. Importamos todos nuestros productos directamente desde Espa\u00f1a\",\"breadcrumb\":{\"@id\":\"https:\\\/\\\/www.elcolmado.de\\\/es\\\/tisch-reservieren-reserva-book-now\\\/#breadcrumb\"},\"inLanguage\":\"es\",\"potentialAction\":[{\"@type\":\"ReadAction\",\"target\":[\"https:\\\/\\\/www.elcolmado.de\\\/es\\\/tisch-reservieren-reserva-book-now\\\/\"]}]},{\"@type\":\"BreadcrumbList\",\"@id\":\"https:\\\/\\\/www.elcolmado.de\\\/es\\\/tisch-reservieren-reserva-book-now\\\/#breadcrumb\",\"itemListElement\":[{\"@type\":\"ListItem\",\"position\":1,\"name\":\"Portada\",\"item\":\"https:\\\/\\\/www.elcolmado.de\\\/es\\\/\"},{\"@type\":\"ListItem\",\"position\":2,\"name\":\"TISCH RESERVIEREN \\\/ RESERVA \\\/ BOOK NOW\"}]},{\"@type\":\"WebSite\",\"@id\":\"https:\\\/\\\/www.elcolmado.de\\\/#website\",\"url\":\"https:\\\/\\\/www.elcolmado.de\\\/\",\"name\":\"elcolmado.de\",\"description\":\"Bar Tapas Berlin\",\"potentialAction\":[{\"@type\":\"SearchAction\",\"target\":{\"@type\":\"EntryPoint\",\"urlTemplate\":\"https:\\\/\\\/www.elcolmado.de\\\/?s={search_term_string}\"},\"query-input\":{\"@type\":\"PropertyValueSpecification\",\"valueRequired\":true,\"valueName\":\"search_term_string\"}}],\"inLanguage\":\"es\"}]}<\/script>\n<!-- \/ Yoast SEO plugin. -->","yoast_head_json":{"title":"Restaurante Espa\u00f1ol en Berlin - El Colmado","description":"El Colmado es un restaurante espa\u00f1ol en Berlin, en Alexanderplatz y Kudamm. Importamos todos nuestros productos directamente desde Espa\u00f1a","robots":{"index":"index","follow":"follow","max-snippet":"max-snippet:-1","max-image-preview":"max-image-preview:large","max-video-preview":"max-video-preview:-1"},"canonical":"https:\/\/www.elcolmado.de\/es\/tisch-reservieren-reserva-book-now\/","og_locale":"es_ES","og_type":"article","og_title":"Restaurante Espa\u00f1ol en Berlin - El Colmado","og_description":"El Colmado es un restaurante espa\u00f1ol en Berlin, en Alexanderplatz y Kudamm. Importamos todos nuestros productos directamente desde Espa\u00f1a","og_url":"https:\/\/www.elcolmado.de\/es\/tisch-reservieren-reserva-book-now\/","og_site_name":"elcolmado.de","article_modified_time":"2024-06-17T13:05:22+00:00","twitter_card":"summary_large_image","twitter_misc":{"Tiempo de lectura":"3 minutos"},"schema":{"@context":"https:\/\/schema.org","@graph":[{"@type":"WebPage","@id":"https:\/\/www.elcolmado.de\/es\/tisch-reservieren-reserva-book-now\/","url":"https:\/\/www.elcolmado.de\/es\/tisch-reservieren-reserva-book-now\/","name":"Restaurante Espa\u00f1ol en Berlin - El Colmado","isPartOf":{"@id":"https:\/\/www.elcolmado.de\/#website"},"datePublished":"2022-01-21T12:23:57+00:00","dateModified":"2024-06-17T13:05:22+00:00","description":"El Colmado es un restaurante espa\u00f1ol en Berlin, en Alexanderplatz y Kudamm. Importamos todos nuestros productos directamente desde Espa\u00f1a","breadcrumb":{"@id":"https:\/\/www.elcolmado.de\/es\/tisch-reservieren-reserva-book-now\/#breadcrumb"},"inLanguage":"es","potentialAction":[{"@type":"ReadAction","target":["https:\/\/www.elcolmado.de\/es\/tisch-reservieren-reserva-book-now\/"]}]},{"@type":"BreadcrumbList","@id":"https:\/\/www.elcolmado.de\/es\/tisch-reservieren-reserva-book-now\/#breadcrumb","itemListElement":[{"@type":"ListItem","position":1,"name":"Portada","item":"https:\/\/www.elcolmado.de\/es\/"},{"@type":"ListItem","position":2,"name":"TISCH RESERVIEREN \/ RESERVA \/ BOOK NOW"}]},{"@type":"WebSite","@id":"https:\/\/www.elcolmado.de\/#website","url":"https:\/\/www.elcolmado.de\/","name":"elcolmado.de","description":"Bar Tapas Berlin","potentialAction":[{"@type":"SearchAction","target":{"@type":"EntryPoint","urlTemplate":"https:\/\/www.elcolmado.de\/?s={search_term_string}"},"query-input":{"@type":"PropertyValueSpecification","valueRequired":true,"valueName":"search_term_string"}}],"inLanguage":"es"}]}},"_links":{"self":[{"href":"https:\/\/www.elcolmado.de\/es\/wp-json\/wp\/v2\/pages\/5069","targetHints":{"allow":["GET"]}}],"collection":[{"href":"https:\/\/www.elcolmado.de\/es\/wp-json\/wp\/v2\/pages"}],"about":[{"href":"https:\/\/www.elcolmado.de\/es\/wp-json\/wp\/v2\/types\/page"}],"author":[{"embeddable":true,"href":"https:\/\/www.elcolmado.de\/es\/wp-json\/wp\/v2\/users\/2"}],"replies":[{"embeddable":true,"href":"https:\/\/www.elcolmado.de\/es\/wp-json\/wp\/v2\/comments?post=5069"}],"version-history":[{"count":23,"href":"https:\/\/www.elcolmado.de\/es\/wp-json\/wp\/v2\/pages\/5069\/revisions"}],"predecessor-version":[{"id":7545,"href":"https:\/\/www.elcolmado.de\/es\/wp-json\/wp\/v2\/pages\/5069\/revisions\/7545"}],"wp:attachment":[{"href":"https:\/\/www.elcolmado.de\/es\/wp-json\/wp\/v2\/media?parent=5069"}],"curies":[{"name":"wp","href":"https:\/\/api.w.org\/{rel}","templated":true}]}}