{"id":529,"date":"2019-02-15T09:49:26","date_gmt":"2019-02-15T09:49:26","guid":{"rendered":"https:\/\/www.elcolmado.de\/?page_id=529"},"modified":"2024-04-18T11:43:52","modified_gmt":"2024-04-18T11:43:52","slug":"el-colmado","status":"publish","type":"page","link":"https:\/\/www.elcolmado.de\/es\/el-colmado\/","title":{"rendered":"El Colmado"},"content":{"rendered":"<div class=\"wpb-content-wrapper\"><p>[vc_row css_animation=\u00bb\u00bb row_type=\u00bbrow\u00bb use_row_as_full_screen_section=\u00bbno\u00bb type=\u00bbgrid\u00bb angled_section=\u00bbno\u00bb text_align=\u00bbcenter\u00bb background_image_as_pattern=\u00bbwithout_pattern\u00bb z_index=\u00bb\u00bb css=\u00bb.vc_custom_1713440537189{padding-top: 20px !important;background-color: #ffffff !important;}\u00bb][vc_column][vc_empty_space height=\u00bb50px\u00bb][vc_column_text]<\/p>\n<h2 style=\"text-align: center; line-height: 200%;\">EL COLMADO, MUCHO M\u00c1S QUE UN RESTAURANTE DE TAPAS EN BERL\u00cdN<\/h2>\n<p>[\/vc_column_text][vc_empty_space height=\u00bb42px\u00bb][vc_row_inner row_type=\u00bbrow\u00bb type=\u00bbfull_width\u00bb text_align=\u00bbcenter\u00bb css_animation=\u00bb\u00bb css=\u00bb.vc_custom_1713440560773{padding-bottom: 20px !important;}\u00bb][vc_column_inner][vc_single_image image=\u00bb752&#8243; img_size=\u00bb125&#215;125&#8243; alignment=\u00bbcenter\u00bb qode_css_animation=\u00bb\u00bb][vc_empty_space][vc_column_text css=\u00bb.vc_custom_1713295360537{padding-right: 5% !important;padding-left: 5% !important;}\u00bb]<\/p>\n<h3 style=\"text-align: center;\">NUESTRO MODELO \u201c<strong>COMIDA POR COMIDA<\/strong>\u201d<\/h3>\n<p style=\"text-align: center; margin: 26px 0px 0px 0px; font-style: italic; font-size: 16px;\"><strong>Tu comida con nosotros tiene sentido, comes y das de comer<\/strong><\/p>\n<p style=\"margin: 26px 0px 0px; text-align: center;\">Es sencillo: por cada producto que consumes en nuestros establecimientos, alimentamos a 4 ni\u00f1os que padecen hambre, en colaboraci\u00f3n con la ONG <a href=\"https:\/\/www.marysmeals.de\/\" target=\"new\" rel=\"noopener noreferrer\">Mary\u2019s Meals<\/a>. Gracias a tus consumiciones, alimentamos a 1866 ni\u00f1os que padecen hambre todos los d\u00edas del a\u00f1o en tres escuelas de Zambia y Malawi.<\/p>\n<p style=\"margin: 26px 0px 0px; text-align: center;\">En El Colmado no solamente disfrutar\u00e1s de comer, sino que adem\u00e1s estar\u00e1s dando de comer: es una comida por una comida.<\/p>\n<p>[\/vc_column_text][\/vc_column_inner][\/vc_row_inner][vc_empty_space height=\u00bb50px\u00bb][\/vc_column][\/vc_row][vc_row css_animation=\u00bb\u00bb row_type=\u00bbrow\u00bb use_row_as_full_screen_section=\u00bbno\u00bb type=\u00bbfull_width\u00bb angled_section=\u00bbno\u00bb text_align=\u00bbcenter\u00bb background_image_as_pattern=\u00bbwithout_pattern\u00bb z_index=\u00bb\u00bb css=\u00bb.vc_custom_1551804095455{background-color: #e4e0df !important;}\u00bb][vc_column][vc_empty_space height=\u00bb50px\u00bb][vc_row_inner row_type=\u00bbrow\u00bb type=\u00bbgrid\u00bb text_align=\u00bbleft\u00bb css_animation=\u00bb\u00bb css=\u00bb.vc_custom_1713440629270{padding-top: 20px !important;padding-bottom: 20px !important;}\u00bb][vc_column_inner][vc_column_text]<\/p>\n<h2 style=\"text-align: center;\">\u00bfCONOCES NUESTRA HISTORIA?<\/h2>\n<p>&nbsp;<\/p>\n<p style=\"text-align: center; line-height: 170%; color: #135442;\"><strong>No es que tengamos pasi\u00f3n por erradicar el hambre que afecta a los m\u00e1s peque\u00f1os en el mundo, es que se trata de un compromiso radical y de nuestra vocaci\u00f3n en la vida\u2026<\/strong><\/p>\n<p>&nbsp;<\/p>\n<p style=\"text-align: center; line-height: 170%; color: #135442;\">Somos Mar Rein\u00e9s y Ubaldo Valverde, un joven matrimonio espa\u00f1ol que ha decidido embarcarse en esta aventura empresarial, toda vez que mantenemos nuestros respectivos trabajos como investigadora cient\u00edfica y abogado de empresa en Berl\u00edn. El Colmado es nuestra respuesta a las escalofriantes estad\u00edsticas: cada 5 segundos el hambre se lleva la vida de un ni\u00f1o menor de 10 a\u00f1os, 25.000 personas mueren de hambre cada d\u00eda y 9 millones al a\u00f1o. Desde hace a\u00f1os sent\u00edamos la necesidad de hacer algo ante semejante esc\u00e1ndalo. Es por lo que estamos dando lo mejor de nosotros mismos, nuestro tiempo y energ\u00eda para hacer de nuestro modelo \u201cComida por Comida\u201d un verdadero instrumento al servicio de cambiar el mundo.<\/p>\n<p>&nbsp;<\/p>\n<p style=\"text-align: center; line-height: 170%; color: #135442;\"><em><strong>\u00abNo podemos quedarnos tranquilos cuando una sola persona, en cualquier parte del mundo, est\u00e1 condenada a pasar hambre\u00bb<\/strong> (Papa Francisco)<\/em><\/p>\n<p>[\/vc_column_text][vc_empty_space height=\u00bb70px\u00bb][\/vc_column_inner][\/vc_row_inner][vc_row_inner row_type=\u00bbrow\u00bb type=\u00bbgrid\u00bb text_align=\u00bbleft\u00bb css_animation=\u00bb\u00bb][vc_column_inner][vc_empty_space height=\u00bb20px\u00bb][vc_single_image image=\u00bb1384&#8243; img_size=\u00bbfull\u00bb alignment=\u00bbcenter\u00bb qode_css_animation=\u00bb\u00bb][\/vc_column_inner][\/vc_row_inner][vc_empty_space height=\u00bb70px\u00bb][\/vc_column][\/vc_row]<\/p>\n<\/div>","protected":false},"excerpt":{"rendered":"<p>[vc_row css_animation=\u00bb\u00bb row_type=\u00bbrow\u00bb use_row_as_full_screen_section=\u00bbno\u00bb type=\u00bbgrid\u00bb angled_section=\u00bbno\u00bb text_align=\u00bbcenter\u00bb background_image_as_pattern=\u00bbwithout_pattern\u00bb z_index=\u00bb\u00bb css=\u00bb.vc_custom_1713440537189{padding-top: 20px !important;background-color: #ffffff !important;}\u00bb][vc_column][vc_empty_space height=\u00bb50px\u00bb][vc_column_text] EL COLMADO, MUCHO M\u00c1S QUE UN RESTAURANTE DE TAPAS EN BERL\u00cdN [\/vc_column_text][vc_empty_space height=\u00bb42px\u00bb][vc_row_inner row_type=\u00bbrow\u00bb type=\u00bbfull_width\u00bb text_align=\u00bbcenter\u00bb css_animation=\u00bb\u00bb css=\u00bb.vc_custom_1713440560773{padding-bottom: 20px !important;}\u00bb][vc_column_inner][vc_single_image image=\u00bb752&#8243; img_size=\u00bb125&#215;125&#8243; alignment=\u00bbcenter\u00bb qode_css_animation=\u00bb\u00bb][vc_empty_space][vc_column_text css=\u00bb.vc_custom_1713295360537{padding-right: 5% !important;padding-left: 5% !important;}\u00bb] NUESTRO&#8230;<\/p>\n","protected":false},"author":2,"featured_media":0,"parent":0,"menu_order":0,"comment_status":"closed","ping_status":"closed","template":"full_width.php","meta":{"footnotes":""},"class_list":["post-529","page","type-page","status-publish","hentry"],"yoast_head":"<!-- This site is optimized with the Yoast SEO plugin v27.3 - https:\/\/yoast.com\/product\/yoast-seo-wordpress\/ -->\n<title>El Colmado Restaurante de tapas en Berl\u00edn Mitte | El Colmado<\/title>\n<meta name=\"description\" content=\"\u00bfQuieres degustar las mejores tapas en Berl\u00edn Mitte? Visita el Restaurante espa\u00f1ol El Colmado y d\u00e9jate seducir por la mejor calidad de productos espa\u00f1oles.\" \/>\n<meta name=\"robots\" content=\"index, follow, max-snippet:-1, max-image-preview:large, max-video-preview:-1\" \/>\n<link rel=\"canonical\" href=\"https:\/\/www.elcolmado.de\/es\/el-colmado\/\" \/>\n<meta property=\"og:locale\" content=\"es_ES\" \/>\n<meta property=\"og:type\" content=\"article\" \/>\n<meta property=\"og:title\" content=\"El Colmado Restaurante de tapas en Berl\u00edn Mitte | El Colmado\" \/>\n<meta property=\"og:description\" content=\"\u00bfQuieres degustar las mejores tapas en Berl\u00edn Mitte? Visita el Restaurante espa\u00f1ol El Colmado y d\u00e9jate seducir por la mejor calidad de productos espa\u00f1oles.\" \/>\n<meta property=\"og:url\" content=\"https:\/\/www.elcolmado.de\/es\/el-colmado\/\" \/>\n<meta property=\"og:site_name\" content=\"elcolmado.de\" \/>\n<meta property=\"article:modified_time\" content=\"2024-04-18T11:43:52+00:00\" \/>\n<meta name=\"twitter:card\" content=\"summary_large_image\" \/>\n<meta name=\"twitter:label1\" content=\"Tiempo de lectura\" \/>\n\t<meta name=\"twitter:data1\" content=\"2 minutos\" \/>\n<script type=\"application\/ld+json\" class=\"yoast-schema-graph\">{\"@context\":\"https:\\\/\\\/schema.org\",\"@graph\":[{\"@type\":\"WebPage\",\"@id\":\"https:\\\/\\\/www.elcolmado.de\\\/es\\\/el-colmado\\\/\",\"url\":\"https:\\\/\\\/www.elcolmado.de\\\/es\\\/el-colmado\\\/\",\"name\":\"El Colmado Restaurante de tapas en Berl\u00edn Mitte | El Colmado\",\"isPartOf\":{\"@id\":\"https:\\\/\\\/www.elcolmado.de\\\/#website\"},\"datePublished\":\"2019-02-15T09:49:26+00:00\",\"dateModified\":\"2024-04-18T11:43:52+00:00\",\"description\":\"\u00bfQuieres degustar las mejores tapas en Berl\u00edn Mitte? Visita el Restaurante espa\u00f1ol El Colmado y d\u00e9jate seducir por la mejor calidad de productos espa\u00f1oles.\",\"breadcrumb\":{\"@id\":\"https:\\\/\\\/www.elcolmado.de\\\/es\\\/el-colmado\\\/#breadcrumb\"},\"inLanguage\":\"es\",\"potentialAction\":[{\"@type\":\"ReadAction\",\"target\":[\"https:\\\/\\\/www.elcolmado.de\\\/es\\\/el-colmado\\\/\"]}]},{\"@type\":\"BreadcrumbList\",\"@id\":\"https:\\\/\\\/www.elcolmado.de\\\/es\\\/el-colmado\\\/#breadcrumb\",\"itemListElement\":[{\"@type\":\"ListItem\",\"position\":1,\"name\":\"Portada\",\"item\":\"https:\\\/\\\/www.elcolmado.de\\\/es\\\/\"},{\"@type\":\"ListItem\",\"position\":2,\"name\":\"El Colmado\"}]},{\"@type\":\"WebSite\",\"@id\":\"https:\\\/\\\/www.elcolmado.de\\\/#website\",\"url\":\"https:\\\/\\\/www.elcolmado.de\\\/\",\"name\":\"elcolmado.de\",\"description\":\"Bar Tapas Berlin\",\"potentialAction\":[{\"@type\":\"SearchAction\",\"target\":{\"@type\":\"EntryPoint\",\"urlTemplate\":\"https:\\\/\\\/www.elcolmado.de\\\/?s={search_term_string}\"},\"query-input\":{\"@type\":\"PropertyValueSpecification\",\"valueRequired\":true,\"valueName\":\"search_term_string\"}}],\"inLanguage\":\"es\"}]}<\/script>\n<!-- \/ Yoast SEO plugin. -->","yoast_head_json":{"title":"El Colmado Restaurante de tapas en Berl\u00edn Mitte | El Colmado","description":"\u00bfQuieres degustar las mejores tapas en Berl\u00edn Mitte? Visita el Restaurante espa\u00f1ol El Colmado y d\u00e9jate seducir por la mejor calidad de productos espa\u00f1oles.","robots":{"index":"index","follow":"follow","max-snippet":"max-snippet:-1","max-image-preview":"max-image-preview:large","max-video-preview":"max-video-preview:-1"},"canonical":"https:\/\/www.elcolmado.de\/es\/el-colmado\/","og_locale":"es_ES","og_type":"article","og_title":"El Colmado Restaurante de tapas en Berl\u00edn Mitte | El Colmado","og_description":"\u00bfQuieres degustar las mejores tapas en Berl\u00edn Mitte? Visita el Restaurante espa\u00f1ol El Colmado y d\u00e9jate seducir por la mejor calidad de productos espa\u00f1oles.","og_url":"https:\/\/www.elcolmado.de\/es\/el-colmado\/","og_site_name":"elcolmado.de","article_modified_time":"2024-04-18T11:43:52+00:00","twitter_card":"summary_large_image","twitter_misc":{"Tiempo de lectura":"2 minutos"},"schema":{"@context":"https:\/\/schema.org","@graph":[{"@type":"WebPage","@id":"https:\/\/www.elcolmado.de\/es\/el-colmado\/","url":"https:\/\/www.elcolmado.de\/es\/el-colmado\/","name":"El Colmado Restaurante de tapas en Berl\u00edn Mitte | El Colmado","isPartOf":{"@id":"https:\/\/www.elcolmado.de\/#website"},"datePublished":"2019-02-15T09:49:26+00:00","dateModified":"2024-04-18T11:43:52+00:00","description":"\u00bfQuieres degustar las mejores tapas en Berl\u00edn Mitte? Visita el Restaurante espa\u00f1ol El Colmado y d\u00e9jate seducir por la mejor calidad de productos espa\u00f1oles.","breadcrumb":{"@id":"https:\/\/www.elcolmado.de\/es\/el-colmado\/#breadcrumb"},"inLanguage":"es","potentialAction":[{"@type":"ReadAction","target":["https:\/\/www.elcolmado.de\/es\/el-colmado\/"]}]},{"@type":"BreadcrumbList","@id":"https:\/\/www.elcolmado.de\/es\/el-colmado\/#breadcrumb","itemListElement":[{"@type":"ListItem","position":1,"name":"Portada","item":"https:\/\/www.elcolmado.de\/es\/"},{"@type":"ListItem","position":2,"name":"El Colmado"}]},{"@type":"WebSite","@id":"https:\/\/www.elcolmado.de\/#website","url":"https:\/\/www.elcolmado.de\/","name":"elcolmado.de","description":"Bar Tapas Berlin","potentialAction":[{"@type":"SearchAction","target":{"@type":"EntryPoint","urlTemplate":"https:\/\/www.elcolmado.de\/?s={search_term_string}"},"query-input":{"@type":"PropertyValueSpecification","valueRequired":true,"valueName":"search_term_string"}}],"inLanguage":"es"}]}},"_links":{"self":[{"href":"https:\/\/www.elcolmado.de\/es\/wp-json\/wp\/v2\/pages\/529","targetHints":{"allow":["GET"]}}],"collection":[{"href":"https:\/\/www.elcolmado.de\/es\/wp-json\/wp\/v2\/pages"}],"about":[{"href":"https:\/\/www.elcolmado.de\/es\/wp-json\/wp\/v2\/types\/page"}],"author":[{"embeddable":true,"href":"https:\/\/www.elcolmado.de\/es\/wp-json\/wp\/v2\/users\/2"}],"replies":[{"embeddable":true,"href":"https:\/\/www.elcolmado.de\/es\/wp-json\/wp\/v2\/comments?post=529"}],"version-history":[{"count":49,"href":"https:\/\/www.elcolmado.de\/es\/wp-json\/wp\/v2\/pages\/529\/revisions"}],"predecessor-version":[{"id":7483,"href":"https:\/\/www.elcolmado.de\/es\/wp-json\/wp\/v2\/pages\/529\/revisions\/7483"}],"wp:attachment":[{"href":"https:\/\/www.elcolmado.de\/es\/wp-json\/wp\/v2\/media?parent=529"}],"curies":[{"name":"wp","href":"https:\/\/api.w.org\/{rel}","templated":true}]}}