{"id":7133,"date":"2023-09-20T15:13:09","date_gmt":"2023-09-20T15:13:09","guid":{"rendered":"https:\/\/www.elcolmado.de\/?page_id=7133"},"modified":"2023-09-20T15:15:35","modified_gmt":"2023-09-20T15:15:35","slug":"tapas-berlin-mitte","status":"publish","type":"page","link":"https:\/\/www.elcolmado.de\/es\/tapas-berlin-mitte\/","title":{"rendered":"Tapas Berlin Mitte"},"content":{"rendered":"<div class=\"wpb-content-wrapper\"><p>[vc_row css_animation=\u00bb\u00bb row_type=\u00bbrow\u00bb use_row_as_full_screen_section=\u00bbno\u00bb type=\u00bbfull_width\u00bb angled_section=\u00bbno\u00bb text_align=\u00bbleft\u00bb background_image_as_pattern=\u00bbwithout_pattern\u00bb css=\u00bb.vc_custom_1695221748809{padding-top: 3% !important;}\u00bb z_index=\u00bb\u00bb][vc_column width=\u00bb1\/2&#8243;][vc_single_image image=\u00bb7079&#8243; img_size=\u00bblarge\u00bb qode_css_animation=\u00bb\u00bb][\/vc_column][vc_column width=\u00bb1\/2&#8243;][vc_column_text css=\u00bb.vc_custom_1695221712459{padding-bottom: 2% !important;}\u00bb]<\/p>\n<h1>Tapas Berlin Mitte<\/h1>\n<p>[\/vc_column_text][vc_column_text]\u00bfEst\u00e1s buscando un Tapas Bar en Mitte? \u00a1Estamos en el centro de Berlin, en Alexanderplatz!<\/p>\n<p>&nbsp;<\/p>\n<p>El Colmado es la mejor opci\u00f3n para compartir unas Tapas y vinos con tu pareja, amigos o compa\u00f1eros de trabajo. En nuestro Bar de Tapas, la gastronom\u00eda se encuentra con la sociabilidad de una manera \u00fanica, combinando la celebraci\u00f3n de una diversidad de sabores con un ambiente relajado y social.<\/p>\n<p>&nbsp;<\/p>\n<p>Ofrecemos el aut\u00e9ntico sabor espa\u00f1ol con nuestras Patatas Bravas, Croquetas de Jam\u00f3n o Tortilla de Patata, entre otras muchas Tapas, acompa\u00f1ado de nuestra Sangria o Cava.<\/p>\n<p>&nbsp;<\/p>\n<p>Tal y como nos definen decenas de turistas, somos un oasis en Alexanderplatz donde se ofrece aut\u00e9ntica cocina Espa\u00f1ola en Berlin, lejos del estereotipo de \u201ccomida y precios para turistas\u201d.<\/p>\n<p>&nbsp;<\/p>\n<p>Estamos en Rathausstr. 13, justo al lado del Rotes Rathaus. \u00a1Ven a visitarnos!<\/p>\n<p>[\/vc_column_text][vc_empty_space][vc_gmaps link=\u00bb#E-8_JTNDaWZyYW1lJTIwc3JjJTNEJTIyaHR0cHMlM0ElMkYlMkZ3d3cuZ29vZ2xlLmNvbSUyRm1hcHMlMkZlbWJlZCUzRnBiJTNEJTIxMW0xNCUyMTFtOCUyMTFtMyUyMTFkMzg4NTEuNjkxMjQwMTAzOTQlMjEyZDEzLjMzNTE0NDE3ODE2OTk0NiUyMTNkNTIuNTExMTYzODYzNzg4MzUlMjEzbTIlMjExaTEwMjQlMjEyaTc2OCUyMTRmMTMuMSUyMTNtMyUyMTFtMiUyMTFzMHg0N2E4NGUyMWI1NGUxZmUzJTI1M0EweDk4Y2Q5NzM0NmM5ZDk4ZmElMjEyc1RhcGFzJTI1MjBCZXJsaW4lMjUyMEVsJTI1MjBDb2xtYWRvJTI1MjBBbGV4YW5kZXJwbGF0eiUyMTVlMCUyMTNtMiUyMTFzZXMlMjEyc2VzJTIxNHYxNjU3Mjc3NTYxMTM5JTIxNW0yJTIxMXNlcyUyMTJzZXMlMjIlMjB3aWR0aCUzRCUyMjYwMCUyMiUyMGhlaWdodCUzRCUyMjQ1MCUyMiUyMHN0eWxlJTNEJTIyYm9yZGVyJTNBMCUzQiUyMiUyMGFsbG93ZnVsbHNjcmVlbiUzRCUyMiUyMiUyMGxvYWRpbmclM0QlMjJsYXp5JTIyJTIwcmVmZXJyZXJwb2xpY3klM0QlMjJuby1yZWZlcnJlci13aGVuLWRvd25ncmFkZSUyMiUzRSUzQyUyRmlmcmFtZSUzRQ==\u00bb][\/vc_column][\/vc_row][vc_row css_animation=\u00bb\u00bb row_type=\u00bbrow\u00bb use_row_as_full_screen_section=\u00bbno\u00bb type=\u00bbfull_width\u00bb angled_section=\u00bbno\u00bb text_align=\u00bbleft\u00bb background_image_as_pattern=\u00bbwithout_pattern\u00bb css=\u00bb.vc_custom_1679074969252{padding-top: 2% !important;}\u00bb z_index=\u00bb\u00bb][vc_column][vc_column_text]<div class=\"wp-gr rpi wpac\" data-id=\"6040\" data-layout=\"slider\" data-exec=\"false\" data-options='{&quot;text_size&quot;:&quot;&quot;,&quot;trans&quot;:{&quot;read more&quot;:&quot;leer m\\u00e1s&quot;}}'><svg xmlns=\"http:\/\/www.w3.org\/2000\/svg\" style=\"display:none!important\"><symbol id=\"grw-tripadvisor\" viewBox=\"0 0 713.496 713.496\"><g><circle fill=\"#34E0A1\" cx=\"356.749\" cy=\"356.748\" r=\"356.748\"\/><path d=\"M577.095,287.152l43.049-46.836h-95.465c-47.792-32.646-105.51-51.659-167.931-51.659   c-62.342,0-119.899,19.054-167.612,51.659H93.432l43.049,46.836c-26.387,24.075-42.929,58.754-42.929,97.259   c0,72.665,58.914,131.578,131.579,131.578c34.519,0,65.968-13.313,89.446-35.077l42.172,45.919l42.172-45.879   c23.478,21.764,54.887,35.037,89.406,35.037c72.665,0,131.658-58.913,131.658-131.578   C620.024,345.866,603.483,311.188,577.095,287.152z M225.17,473.458c-49.188,0-89.047-39.859-89.047-89.047   s39.86-89.048,89.047-89.048c49.187,0,89.047,39.86,89.047,89.048S274.357,473.458,225.17,473.458z M356.788,381.82   c0-58.595-42.61-108.898-98.853-130.383c30.413-12.716,63.776-19.771,98.813-19.771s68.439,7.055,98.853,19.771   C399.399,272.962,356.788,323.226,356.788,381.82z M488.367,473.458c-49.188,0-89.048-39.859-89.048-89.047   s39.86-89.048,89.048-89.048s89.047,39.86,89.047,89.048S537.554,473.458,488.367,473.458z M488.367,337.694   c-25.79,0-46.677,20.887-46.677,46.677c0,25.789,20.887,46.676,46.677,46.676c25.789,0,46.676-20.887,46.676-46.676   C535.042,358.621,514.156,337.694,488.367,337.694z M271.846,384.411c0,25.789-20.887,46.676-46.676,46.676   s-46.676-20.887-46.676-46.676c0-25.79,20.887-46.677,46.676-46.677C250.959,337.694,271.846,358.621,271.846,384.411z\"\/><\/g><\/symbol><symbol id=\"grw-google\" viewBox=\"0 0 512 512\"><g fill=\"none\" fill-rule=\"evenodd\"><path d=\"M482.56 261.36c0-16.73-1.5-32.83-4.29-48.27H256v91.29h127.01c-5.47 29.5-22.1 54.49-47.09 71.23v59.21h76.27c44.63-41.09 70.37-101.59 70.37-173.46z\" fill=\"#4285f4\"\/><path d=\"M256 492c63.72 0 117.14-21.13 156.19-57.18l-76.27-59.21c-21.13 14.16-48.17 22.53-79.92 22.53-61.47 0-113.49-41.51-132.05-97.3H45.1v61.15c38.83 77.13 118.64 130.01 210.9 130.01z\" fill=\"#34a853\"\/><path d=\"M123.95 300.84c-4.72-14.16-7.4-29.29-7.4-44.84s2.68-30.68 7.4-44.84V150.01H45.1C29.12 181.87 20 217.92 20 256c0 38.08 9.12 74.13 25.1 105.99l78.85-61.15z\" fill=\"#fbbc05\"\/><path d=\"M256 113.86c34.65 0 65.76 11.91 90.22 35.29l67.69-67.69C373.03 43.39 319.61 20 256 20c-92.25 0-172.07 52.89-210.9 130.01l78.85 61.15c18.56-55.78 70.59-97.3 132.05-97.3z\" fill=\"#ea4335\"\/><path d=\"M20 20h472v472H20V20z\"\/><\/g><\/symbol><\/svg><div class=\"grw-row grw-row-m\" data-options='{\"speed\":3,\"autoplay\":true,\"mousestop\":true,\"breakpoints\":\"\"}'><div class=\"grw-header\"><div class=\"grw-header-inner rpi-flx rpi-row12\"><div class=\"grw-img-wrap\"><img decoding=\"async\" class=\"grw-img\" src=\"https:\/\/lh3.googleusercontent.com\/places\/AKR5kUhK1EyEj5uBk0Yk9SOKFXRFXsXL_Zi4QMkDYeMVem0QLkeezL-X0Ep21P1Z7mAoic2Gp3ornooJFk3C8iWknQlEzPmMkbeB_G4=s1600-w300-h300\" loading=\"lazy\" alt=\"Tapas Berlin El Colmado Alexanderplatz place picture\" width=\"50\" height=\"50\" onerror=\"if(this.src!='data:image\/gif;base64,R0lGODlhAQABAIAAAAAAAP\/\/\/yH5BAEAAAAALAAAAAABAAEAAAIBRAA7')this.src='data:image\/gif;base64,R0lGODlhAQABAIAAAAAAAP\/\/\/yH5BAEAAAAALAAAAAABAAEAAAIBRAA7';\" ><\/div><div class=\"rpi-flx rpi-col8\"><div class=\"wp-google-name\"><a href=\"https:\/\/maps.google.com\/?cid=11010622915407091962\" target=\"_blank\" rel=\"nofollow noopener\">Tapas Berlin El Colmado Alexanderplatz<\/a><\/div><span class=\"rpi-stars\" style=\"--rating:4.5\">4.5<\/span><div class=\"wp-google-based\">Basado en 1092 rese\u00f1as. <\/div><div class=\"wp-google-powered\">powered by <span><span style=\"color:#3c6df0!important\">G<\/span><span style=\"color:#d93025!important\">o<\/span><span style=\"color:#fb8e28!important\">o<\/span><span style=\"color:#3c6df0!important\">g<\/span><span style=\"color:#188038!important\">l<\/span><span style=\"color:#d93025!important\">e<\/span><\/span><\/div><div class=\"wp-google-wr\"><a href=\"https:\/\/search.google.com\/local\/writereview?placeid=ChIJ4x9OtSFOqEcR-pidbDSXzZg\" target=\"_blank\" rel=\"nofollow noopener\" onclick=\"return rplg_leave_review_window.call(this)\">val\u00f3ranos en<svg height=\"16\" width=\"16\" role=\"none\"><use href=\"#grw-google\"><\/use><\/svg><\/a><\/div><\/div><\/div><\/div><div class=\"rpi-slides-root grw-content\"><div class=\"grw-content-inner\"><button class=\"rpi-ltgt rpi-lt grw-prev\" tabindex=\"0\"><\/button><div class=\"rpi-slides grw-reviews rpi-slides-bite\" data-count=\"5\" data-offset=\"5\"><div class=\"rpi-slide grw-review\"><div class=\"rpi-flx rpi-col12 grw-review-inner grw-backgnd\"><div class=\"rpi-flx rpi-row12-center\"><div class=\"grw-img-wrap\"><img decoding=\"async\" class=\"grw-img\" src=\"https:\/\/lh3.googleusercontent.com\/a\/AItbvmn-K-5SWirWGfE8T607_BQEmzCyvTCrb4RDytGX=s128-c0x00000000-cc-rp-mo-ba5\" loading=\"lazy\" alt=\"Andrew Allen profile picture\" width=\"50\" height=\"50\" onerror=\"if(this.src!='https:\/\/www.elcolmado.de\/wp-content\/plugins\/widget-google-reviews\/assets\/img\/guest.png')this.src='https:\/\/www.elcolmado.de\/wp-content\/plugins\/widget-google-reviews\/assets\/img\/guest.png';\" ><\/div><div class=\"rpi-flx rpi-col6\"><a href=\"https:\/\/www.google.com\/maps\/contrib\/113718272141226554094\/reviews\" class=\"wp-google-name\" target=\"_blank\" rel=\"nofollow noopener\">Andrew Allen<\/a><div class=\"wp-google-time\" data-time=\"1656614299\">18:38 30 Jun 22<\/div><\/div><\/div><span class=\"rpi-stars\" style=\"--rating:5\"><\/span><div class=\"rpi-flx rpi-col4\"><div class=\"wp-google-feedback grw-scroll\" ><span class=\"wp-google-text\">Superb service and food. Prices we thought were reasonable for what you got. This place is very busy and I would recommend you try and book and not just turn up. We saw some people being turned away. The Gambas are particularly good.<\/span><\/div><\/div><svg height=\"16\" width=\"16\" role=\"none\"><use href=\"#grw-google\"\/><\/svg><\/div><\/div><div class=\"rpi-slide grw-review\"><div class=\"rpi-flx rpi-col12 grw-review-inner grw-backgnd\"><div class=\"rpi-flx rpi-row12-center\"><div class=\"grw-img-wrap\"><img decoding=\"async\" class=\"grw-img\" src=\"https:\/\/lh3.googleusercontent.com\/a-\/AFdZucruoVYKUVK171vaSpPkWvMzb_fq1mvx_ofV3HoivQ=s128-c0x00000000-cc-rp-mo\" loading=\"lazy\" alt=\"Adilice Sanches profile picture\" width=\"50\" height=\"50\" onerror=\"if(this.src!='https:\/\/www.elcolmado.de\/wp-content\/plugins\/widget-google-reviews\/assets\/img\/guest.png')this.src='https:\/\/www.elcolmado.de\/wp-content\/plugins\/widget-google-reviews\/assets\/img\/guest.png';\" ><\/div><div class=\"rpi-flx rpi-col6\"><a href=\"https:\/\/www.google.com\/maps\/contrib\/110496358344682905278\/reviews\" class=\"wp-google-name\" target=\"_blank\" rel=\"nofollow noopener\">Adilice Sanches<\/a><div class=\"wp-google-time\" data-time=\"1656534504\">20:28 29 Jun 22<\/div><\/div><\/div><span class=\"rpi-stars\" style=\"--rating:5\"><\/span><div class=\"rpi-flx rpi-col4\"><div class=\"wp-google-feedback grw-scroll\" ><span class=\"wp-google-text\">I think everyone is a bit afraid of getting something to eat around the super touristic places such as Alexanderplatz but this restaurant is amazing! The service and the food are amazing! I\u2019ll make sure to came back again before the end of my trip &#x1f929;<\/span><\/div><\/div><svg height=\"16\" width=\"16\" role=\"none\"><use href=\"#grw-google\"\/><\/svg><\/div><\/div><div class=\"rpi-slide grw-review\"><div class=\"rpi-flx rpi-col12 grw-review-inner grw-backgnd\"><div class=\"rpi-flx rpi-row12-center\"><div class=\"grw-img-wrap\"><img decoding=\"async\" class=\"grw-img\" src=\"https:\/\/lh3.googleusercontent.com\/a-\/AFdZucqrcNdEnrRzm4dNofc-cO3Nh61vBYz3iTq_9WqqtrM=s128-c0x00000000-cc-rp-mo-ba4\" loading=\"lazy\" alt=\"Olivier Novel profile picture\" width=\"50\" height=\"50\" onerror=\"if(this.src!='https:\/\/www.elcolmado.de\/wp-content\/plugins\/widget-google-reviews\/assets\/img\/guest.png')this.src='https:\/\/www.elcolmado.de\/wp-content\/plugins\/widget-google-reviews\/assets\/img\/guest.png';\" ><\/div><div class=\"rpi-flx rpi-col6\"><a href=\"https:\/\/www.google.com\/maps\/contrib\/108726751529751806571\/reviews\" class=\"wp-google-name\" target=\"_blank\" rel=\"nofollow noopener\">Olivier Novel<\/a><div class=\"wp-google-time\" data-time=\"1655212064\">13:07 14 Jun 22<\/div><\/div><\/div><span class=\"rpi-stars\" style=\"--rating:4\"><\/span><div class=\"rpi-flx rpi-col4\"><div class=\"wp-google-feedback grw-scroll\" ><span class=\"wp-google-text\">A nice place to get a piece to eat Spanish style. The food is good and the prices reasonable, and as far as the location, well it's pretty great as you can stroll around before and\/or after your meal and visit many interesting places. I recommend you check it out if you get a chance.<\/span><\/div><\/div><svg height=\"16\" width=\"16\" role=\"none\"><use href=\"#grw-google\"\/><\/svg><\/div><\/div><div class=\"rpi-slide grw-review\"><div class=\"rpi-flx rpi-col12 grw-review-inner grw-backgnd\"><div class=\"rpi-flx rpi-row12-center\"><div class=\"grw-img-wrap\"><img decoding=\"async\" class=\"grw-img\" src=\"https:\/\/lh3.googleusercontent.com\/a-\/AFdZucqvhbO7H8V73HzmEXiCyQGVxEKrAXuehw-D1p2Z=s128-c0x00000000-cc-rp-mo-ba2\" loading=\"lazy\" alt=\"Cleopatra Acosta profile picture\" width=\"50\" height=\"50\" onerror=\"if(this.src!='https:\/\/www.elcolmado.de\/wp-content\/plugins\/widget-google-reviews\/assets\/img\/guest.png')this.src='https:\/\/www.elcolmado.de\/wp-content\/plugins\/widget-google-reviews\/assets\/img\/guest.png';\" ><\/div><div class=\"rpi-flx rpi-col6\"><a href=\"https:\/\/www.google.com\/maps\/contrib\/113905890209502143542\/reviews\" class=\"wp-google-name\" target=\"_blank\" rel=\"nofollow noopener\">Cleopatra Acosta<\/a><div class=\"wp-google-time\" data-time=\"1653755557\">16:32 28 May 22<\/div><\/div><\/div><span class=\"rpi-stars\" style=\"--rating:5\"><\/span><div class=\"rpi-flx rpi-col4\"><div class=\"wp-google-feedback grw-scroll\" ><span class=\"wp-google-text\">This is a cozy place. I found it by Google maps and absolutely loved it. The friendly atmosphere and the service are the highlight of the experience. The food is excellent quality, the wine house is a must.<br \/>Fair prices and would definitely go back when in Berlin<\/span><\/div><\/div><svg height=\"16\" width=\"16\" role=\"none\"><use href=\"#grw-google\"\/><\/svg><\/div><\/div><div class=\"rpi-slide grw-review\"><div class=\"rpi-flx rpi-col12 grw-review-inner grw-backgnd\"><div class=\"rpi-flx rpi-row12-center\"><div class=\"grw-img-wrap\"><img decoding=\"async\" class=\"grw-img\" src=\"https:\/\/lh3.googleusercontent.com\/a-\/AFdZucqQuOo8wjSYZOi1JWu8InR4PVV_mOdb0SRqR04pYg=s128-c0x00000000-cc-rp-mo-ba3\" loading=\"lazy\" alt=\"Sara Miller profile picture\" width=\"50\" height=\"50\" onerror=\"if(this.src!='https:\/\/www.elcolmado.de\/wp-content\/plugins\/widget-google-reviews\/assets\/img\/guest.png')this.src='https:\/\/www.elcolmado.de\/wp-content\/plugins\/widget-google-reviews\/assets\/img\/guest.png';\" ><\/div><div class=\"rpi-flx rpi-col6\"><a href=\"https:\/\/www.google.com\/maps\/contrib\/100572179767444294071\/reviews\" class=\"wp-google-name\" target=\"_blank\" rel=\"nofollow noopener\">Sara Miller<\/a><div class=\"wp-google-time\" data-time=\"1652928985\">02:56 19 May 22<\/div><\/div><\/div><span class=\"rpi-stars\" style=\"--rating:4\"><\/span><div class=\"rpi-flx rpi-col4\"><div class=\"wp-google-feedback grw-scroll\" ><span class=\"wp-google-text\">Cute place! Very small though but has a lot of outdoors seating so consider reserving a table.<br \/>The tapas is good and the staff is very nice but the prices are a little bit high for what you get but that is to be expected with this very touristy- location right by Alexanderplatz.<\/span><\/div><\/div><svg height=\"16\" width=\"16\" role=\"none\"><use href=\"#grw-google\"\/><\/svg><\/div><\/div><\/div><button class=\"rpi-ltgt rpi-gt grw-next\" tabindex=\"0\"><\/button><div class=\"rpi-dots-wrap\"><div class=\"rpi-dots\"><\/div><\/div><\/div><\/div><\/div><script>(function(p){if(!p)return;let w=p.offsetWidth,m=function(a,b){return Math.min(a,b)===a};p.querySelector('.grw-row').classList.replace('grw-row-m','grw-row-'+(m(w,510)?'xs':m(w,750)?'x':m(w,1100)?'s':m(w,1450)?'m':m(w,1800)?'l':'xl'))})(document.currentScript?.parentElement)<\/script><\/div>[\/vc_column_text][\/vc_column][\/vc_row]<\/p>\n<\/div>","protected":false},"excerpt":{"rendered":"<p>[vc_row css_animation=\u00bb\u00bb row_type=\u00bbrow\u00bb use_row_as_full_screen_section=\u00bbno\u00bb type=\u00bbfull_width\u00bb angled_section=\u00bbno\u00bb text_align=\u00bbleft\u00bb background_image_as_pattern=\u00bbwithout_pattern\u00bb css=\u00bb.vc_custom_1695221748809{padding-top: 3% !important;}\u00bb z_index=\u00bb\u00bb][vc_column width=\u00bb1\/2&#8243;][vc_single_image image=\u00bb7079&#8243; img_size=\u00bblarge\u00bb qode_css_animation=\u00bb\u00bb][\/vc_column][vc_column width=\u00bb1\/2&#8243;][vc_column_text css=\u00bb.vc_custom_1695221712459{padding-bottom: 2% !important;}\u00bb] Tapas Berlin Mitte [\/vc_column_text][vc_column_text]\u00bfEst\u00e1s buscando un Tapas Bar en Mitte? \u00a1Estamos en el centro de Berlin, en Alexanderplatz! &nbsp; El Colmado es la mejor opci\u00f3n&#8230;<\/p>\n","protected":false},"author":2,"featured_media":0,"parent":0,"menu_order":0,"comment_status":"closed","ping_status":"closed","template":"","meta":{"footnotes":""},"class_list":["post-7133","page","type-page","status-publish","hentry"],"yoast_head":"<!-- This site is optimized with the Yoast SEO plugin v27.6 - https:\/\/yoast.com\/product\/yoast-seo-wordpress\/ -->\n<title>Tapas Berlin Mitte - elcolmado.de<\/title>\n<meta name=\"description\" content=\"\u00bfEst\u00e1s buscando un Tapas Bar en Mitte? \u00a1Estamos en el centro de Berlin, en Alexanderplatz!\" \/>\n<meta name=\"robots\" content=\"index, follow, max-snippet:-1, max-image-preview:large, max-video-preview:-1\" \/>\n<link rel=\"canonical\" href=\"https:\/\/www.elcolmado.de\/es\/tapas-berlin-mitte\/\" \/>\n<meta property=\"og:locale\" content=\"es_ES\" \/>\n<meta property=\"og:type\" content=\"article\" \/>\n<meta property=\"og:title\" content=\"Tapas Berlin Mitte - elcolmado.de\" \/>\n<meta property=\"og:description\" content=\"\u00bfEst\u00e1s buscando un Tapas Bar en Mitte? \u00a1Estamos en el centro de Berlin, en Alexanderplatz!\" \/>\n<meta property=\"og:url\" content=\"https:\/\/www.elcolmado.de\/es\/tapas-berlin-mitte\/\" \/>\n<meta property=\"og:site_name\" content=\"elcolmado.de\" \/>\n<meta property=\"article:modified_time\" content=\"2023-09-20T15:15:35+00:00\" \/>\n<meta name=\"twitter:card\" content=\"summary_large_image\" \/>\n<meta name=\"twitter:label1\" content=\"Tiempo de lectura\" \/>\n\t<meta name=\"twitter:data1\" content=\"1 minuto\" \/>\n<script type=\"application\/ld+json\" class=\"yoast-schema-graph\">{\"@context\":\"https:\\\/\\\/schema.org\",\"@graph\":[{\"@type\":\"WebPage\",\"@id\":\"https:\\\/\\\/www.elcolmado.de\\\/es\\\/tapas-berlin-mitte\\\/\",\"url\":\"https:\\\/\\\/www.elcolmado.de\\\/es\\\/tapas-berlin-mitte\\\/\",\"name\":\"Tapas Berlin Mitte - elcolmado.de\",\"isPartOf\":{\"@id\":\"https:\\\/\\\/www.elcolmado.de\\\/#website\"},\"datePublished\":\"2023-09-20T15:13:09+00:00\",\"dateModified\":\"2023-09-20T15:15:35+00:00\",\"description\":\"\u00bfEst\u00e1s buscando un Tapas Bar en Mitte? \u00a1Estamos en el centro de Berlin, en Alexanderplatz!\",\"breadcrumb\":{\"@id\":\"https:\\\/\\\/www.elcolmado.de\\\/es\\\/tapas-berlin-mitte\\\/#breadcrumb\"},\"inLanguage\":\"es\",\"potentialAction\":[{\"@type\":\"ReadAction\",\"target\":[\"https:\\\/\\\/www.elcolmado.de\\\/es\\\/tapas-berlin-mitte\\\/\"]}]},{\"@type\":\"BreadcrumbList\",\"@id\":\"https:\\\/\\\/www.elcolmado.de\\\/es\\\/tapas-berlin-mitte\\\/#breadcrumb\",\"itemListElement\":[{\"@type\":\"ListItem\",\"position\":1,\"name\":\"Portada\",\"item\":\"https:\\\/\\\/www.elcolmado.de\\\/es\\\/\"},{\"@type\":\"ListItem\",\"position\":2,\"name\":\"Tapas Berlin Mitte\"}]},{\"@type\":\"WebSite\",\"@id\":\"https:\\\/\\\/www.elcolmado.de\\\/#website\",\"url\":\"https:\\\/\\\/www.elcolmado.de\\\/\",\"name\":\"elcolmado.de\",\"description\":\"Bar Tapas Berlin\",\"potentialAction\":[{\"@type\":\"SearchAction\",\"target\":{\"@type\":\"EntryPoint\",\"urlTemplate\":\"https:\\\/\\\/www.elcolmado.de\\\/?s={search_term_string}\"},\"query-input\":{\"@type\":\"PropertyValueSpecification\",\"valueRequired\":true,\"valueName\":\"search_term_string\"}}],\"inLanguage\":\"es\"}]}<\/script>\n<!-- \/ Yoast SEO plugin. -->","yoast_head_json":{"title":"Tapas Berlin Mitte - elcolmado.de","description":"\u00bfEst\u00e1s buscando un Tapas Bar en Mitte? \u00a1Estamos en el centro de Berlin, en Alexanderplatz!","robots":{"index":"index","follow":"follow","max-snippet":"max-snippet:-1","max-image-preview":"max-image-preview:large","max-video-preview":"max-video-preview:-1"},"canonical":"https:\/\/www.elcolmado.de\/es\/tapas-berlin-mitte\/","og_locale":"es_ES","og_type":"article","og_title":"Tapas Berlin Mitte - elcolmado.de","og_description":"\u00bfEst\u00e1s buscando un Tapas Bar en Mitte? \u00a1Estamos en el centro de Berlin, en Alexanderplatz!","og_url":"https:\/\/www.elcolmado.de\/es\/tapas-berlin-mitte\/","og_site_name":"elcolmado.de","article_modified_time":"2023-09-20T15:15:35+00:00","twitter_card":"summary_large_image","twitter_misc":{"Tiempo de lectura":"1 minuto"},"schema":{"@context":"https:\/\/schema.org","@graph":[{"@type":"WebPage","@id":"https:\/\/www.elcolmado.de\/es\/tapas-berlin-mitte\/","url":"https:\/\/www.elcolmado.de\/es\/tapas-berlin-mitte\/","name":"Tapas Berlin Mitte - elcolmado.de","isPartOf":{"@id":"https:\/\/www.elcolmado.de\/#website"},"datePublished":"2023-09-20T15:13:09+00:00","dateModified":"2023-09-20T15:15:35+00:00","description":"\u00bfEst\u00e1s buscando un Tapas Bar en Mitte? \u00a1Estamos en el centro de Berlin, en Alexanderplatz!","breadcrumb":{"@id":"https:\/\/www.elcolmado.de\/es\/tapas-berlin-mitte\/#breadcrumb"},"inLanguage":"es","potentialAction":[{"@type":"ReadAction","target":["https:\/\/www.elcolmado.de\/es\/tapas-berlin-mitte\/"]}]},{"@type":"BreadcrumbList","@id":"https:\/\/www.elcolmado.de\/es\/tapas-berlin-mitte\/#breadcrumb","itemListElement":[{"@type":"ListItem","position":1,"name":"Portada","item":"https:\/\/www.elcolmado.de\/es\/"},{"@type":"ListItem","position":2,"name":"Tapas Berlin Mitte"}]},{"@type":"WebSite","@id":"https:\/\/www.elcolmado.de\/#website","url":"https:\/\/www.elcolmado.de\/","name":"elcolmado.de","description":"Bar Tapas Berlin","potentialAction":[{"@type":"SearchAction","target":{"@type":"EntryPoint","urlTemplate":"https:\/\/www.elcolmado.de\/?s={search_term_string}"},"query-input":{"@type":"PropertyValueSpecification","valueRequired":true,"valueName":"search_term_string"}}],"inLanguage":"es"}]}},"_links":{"self":[{"href":"https:\/\/www.elcolmado.de\/es\/wp-json\/wp\/v2\/pages\/7133","targetHints":{"allow":["GET"]}}],"collection":[{"href":"https:\/\/www.elcolmado.de\/es\/wp-json\/wp\/v2\/pages"}],"about":[{"href":"https:\/\/www.elcolmado.de\/es\/wp-json\/wp\/v2\/types\/page"}],"author":[{"embeddable":true,"href":"https:\/\/www.elcolmado.de\/es\/wp-json\/wp\/v2\/users\/2"}],"replies":[{"embeddable":true,"href":"https:\/\/www.elcolmado.de\/es\/wp-json\/wp\/v2\/comments?post=7133"}],"version-history":[{"count":2,"href":"https:\/\/www.elcolmado.de\/es\/wp-json\/wp\/v2\/pages\/7133\/revisions"}],"predecessor-version":[{"id":7135,"href":"https:\/\/www.elcolmado.de\/es\/wp-json\/wp\/v2\/pages\/7133\/revisions\/7135"}],"wp:attachment":[{"href":"https:\/\/www.elcolmado.de\/es\/wp-json\/wp\/v2\/media?parent=7133"}],"curies":[{"name":"wp","href":"https:\/\/api.w.org\/{rel}","templated":true}]}}