{"id":7153,"date":"2023-09-20T16:01:39","date_gmt":"2023-09-20T16:01:39","guid":{"rendered":"https:\/\/www.elcolmado.de\/?page_id=7153"},"modified":"2023-10-06T08:35:07","modified_gmt":"2023-10-06T08:35:07","slug":"menu-navideno-para-grupos-en-berlin","status":"publish","type":"page","link":"https:\/\/www.elcolmado.de\/es\/menu-navideno-para-grupos-en-berlin\/","title":{"rendered":"Men\u00fa navide\u00f1o para grupos!"},"content":{"rendered":"<div class=\"wpb-content-wrapper\"><p>[vc_row css_animation=\u00bb\u00bb row_type=\u00bbrow\u00bb use_row_as_full_screen_section=\u00bbno\u00bb type=\u00bbfull_width\u00bb angled_section=\u00bbno\u00bb text_align=\u00bbleft\u00bb background_image_as_pattern=\u00bbwithout_pattern\u00bb css=\u00bb.vc_custom_1695224771676{padding-top: 3% !important;}\u00bb z_index=\u00bb\u00bb][vc_column width=\u00bb1\/2&#8243;][vc_column_text css=\u00bb.vc_custom_1696581304792{padding-bottom: 3% !important;}\u00bb]<\/p>\n<h1>\u00a1MEN\u00da NAVIDE\u00d1O PARA GRUPOS EN BERLIN!<\/h1>\n<p>[\/vc_column_text][vc_column_text]Ya puedes reservar nuestro Men\u00fa exclusivo navide\u00f1o con los mejores productos espa\u00f1oles en El Colmado! Hemos creado un aut\u00e9ntico banquete navide\u00f1o con nuevas creaciones que son ideales para disfrutar en compa\u00f1ia y compartir en familia, amigos o compa\u00f1eros.<\/p>\n<p>&nbsp;<\/p>\n<p>Disfruta de la exclusividad de cualquiera de nuestros locales en Alexanderplatz o Kudamm.<\/p>\n<p>&nbsp;<\/p>\n<p>Escr\u00edbenos a info@elcolmado.de y juntos encontraremos la mejor opci\u00f3n para tu grupo de empresa o amigos!<\/p>\n<p>&nbsp;<\/p>\n<p>Men\u00fa (opciones veganas o vegetarianas son por supuesto posibles):[\/vc_column_text][\/vc_column][vc_column width=\u00bb1\/2&#8243;][vc_column_text]<\/p>\n<h2 style=\"text-align: center;\">Entrantes<\/h2>\n<p>&nbsp;<\/p>\n<p style=\"text-align: center;\">Macaron relleno de Foie, mermelada de higos y costra de Pistacho<br \/>\nBrandada de Bacalao con Olivada, uvas pasas y su tosta<br \/>\nCroqueta de Boletus con Emulsi\u00f3n de ajo negro<br \/>\nCrema de Casta\u00f1as con cardamomo y Rillets de Pato<\/p>\n<p>&nbsp;<\/p>\n<h2 style=\"text-align: center;\">Principal a elegir<\/h2>\n<p>&nbsp;<\/p>\n<p style=\"text-align: center;\">Lomito de Rape sobre Pisto manchego y emulsi\u00f3n de Mariscos al Azafr\u00e1n, \u00f3<br \/>\nMeloso de Cerdo ib\u00e9rico guisado con vino moscatel salsif\u00ed y Patata trufada<\/p>\n<p>&nbsp;<\/p>\n<h2 style=\"text-align: center;\">Postres<\/h2>\n<p>&nbsp;<\/p>\n<p style=\"text-align: center;\">Selecci\u00f3n de Turrones, Polvorones y Dulces Navide\u00f1os<br \/>\nSorbete de lim\u00f3n al Cava con hierbabuena<\/p>\n<p>[\/vc_column_text][\/vc_column][\/vc_row][vc_row css_animation=\u00bb\u00bb row_type=\u00bbrow\u00bb use_row_as_full_screen_section=\u00bbno\u00bb type=\u00bbfull_width\u00bb angled_section=\u00bbno\u00bb text_align=\u00bbleft\u00bb background_image_as_pattern=\u00bbwithout_pattern\u00bb css=\u00bb.vc_custom_1695224745226{padding-top: 3% !important;}\u00bb z_index=\u00bb\u00bb][vc_column][vc_column_text]<div class=\"wp-gr rpi wpac\" data-id=\"6041\" data-layout=\"slider\" data-exec=\"false\" data-options='{&quot;text_size&quot;:&quot;&quot;,&quot;trans&quot;:{&quot;read more&quot;:&quot;leer m\\u00e1s&quot;}}'><svg xmlns=\"http:\/\/www.w3.org\/2000\/svg\" style=\"display:none!important\"><symbol id=\"grw-tripadvisor\" viewBox=\"0 0 713.496 713.496\"><g><circle fill=\"#34E0A1\" cx=\"356.749\" cy=\"356.748\" r=\"356.748\"\/><path d=\"M577.095,287.152l43.049-46.836h-95.465c-47.792-32.646-105.51-51.659-167.931-51.659   c-62.342,0-119.899,19.054-167.612,51.659H93.432l43.049,46.836c-26.387,24.075-42.929,58.754-42.929,97.259   c0,72.665,58.914,131.578,131.579,131.578c34.519,0,65.968-13.313,89.446-35.077l42.172,45.919l42.172-45.879   c23.478,21.764,54.887,35.037,89.406,35.037c72.665,0,131.658-58.913,131.658-131.578   C620.024,345.866,603.483,311.188,577.095,287.152z M225.17,473.458c-49.188,0-89.047-39.859-89.047-89.047   s39.86-89.048,89.047-89.048c49.187,0,89.047,39.86,89.047,89.048S274.357,473.458,225.17,473.458z M356.788,381.82   c0-58.595-42.61-108.898-98.853-130.383c30.413-12.716,63.776-19.771,98.813-19.771s68.439,7.055,98.853,19.771   C399.399,272.962,356.788,323.226,356.788,381.82z M488.367,473.458c-49.188,0-89.048-39.859-89.048-89.047   s39.86-89.048,89.048-89.048s89.047,39.86,89.047,89.048S537.554,473.458,488.367,473.458z M488.367,337.694   c-25.79,0-46.677,20.887-46.677,46.677c0,25.789,20.887,46.676,46.677,46.676c25.789,0,46.676-20.887,46.676-46.676   C535.042,358.621,514.156,337.694,488.367,337.694z M271.846,384.411c0,25.789-20.887,46.676-46.676,46.676   s-46.676-20.887-46.676-46.676c0-25.79,20.887-46.677,46.676-46.677C250.959,337.694,271.846,358.621,271.846,384.411z\"\/><\/g><\/symbol><symbol id=\"grw-google\" viewBox=\"0 0 512 512\"><g fill=\"none\" fill-rule=\"evenodd\"><path d=\"M482.56 261.36c0-16.73-1.5-32.83-4.29-48.27H256v91.29h127.01c-5.47 29.5-22.1 54.49-47.09 71.23v59.21h76.27c44.63-41.09 70.37-101.59 70.37-173.46z\" fill=\"#4285f4\"\/><path d=\"M256 492c63.72 0 117.14-21.13 156.19-57.18l-76.27-59.21c-21.13 14.16-48.17 22.53-79.92 22.53-61.47 0-113.49-41.51-132.05-97.3H45.1v61.15c38.83 77.13 118.64 130.01 210.9 130.01z\" fill=\"#34a853\"\/><path d=\"M123.95 300.84c-4.72-14.16-7.4-29.29-7.4-44.84s2.68-30.68 7.4-44.84V150.01H45.1C29.12 181.87 20 217.92 20 256c0 38.08 9.12 74.13 25.1 105.99l78.85-61.15z\" fill=\"#fbbc05\"\/><path d=\"M256 113.86c34.65 0 65.76 11.91 90.22 35.29l67.69-67.69C373.03 43.39 319.61 20 256 20c-92.25 0-172.07 52.89-210.9 130.01l78.85 61.15c18.56-55.78 70.59-97.3 132.05-97.3z\" fill=\"#ea4335\"\/><path d=\"M20 20h472v472H20V20z\"\/><\/g><\/symbol><\/svg><div class=\"grw-row grw-row-m\" data-options='{\"speed\":3,\"autoplay\":true,\"mousestop\":true,\"breakpoints\":\"\"}'><div class=\"grw-header\"><div class=\"grw-header-inner rpi-flx rpi-row12\"><div class=\"grw-img-wrap\"><img decoding=\"async\" class=\"grw-img\" src=\"https:\/\/lh3.googleusercontent.com\/places\/AKR5kUit_EfMhdsaj2VToyRMxPGQykxxDmbQM6hPdIIjNO65h-WgnIYskBhoYMx9UrzYTZ3LrQcqi3KQaskX1h5cfA5xe2Vo9sbf9cQ=s1600-w300-h300\" loading=\"lazy\" alt=\"Tapas Berlin El Colmado Kudamm place picture\" width=\"50\" height=\"50\" onerror=\"if(this.src!='data:image\/gif;base64,R0lGODlhAQABAIAAAAAAAP\/\/\/yH5BAEAAAAALAAAAAABAAEAAAIBRAA7')this.src='data:image\/gif;base64,R0lGODlhAQABAIAAAAAAAP\/\/\/yH5BAEAAAAALAAAAAABAAEAAAIBRAA7';\" ><\/div><div class=\"rpi-flx rpi-col8\"><div class=\"wp-google-name\"><a href=\"https:\/\/maps.google.com\/?cid=2918195715483032915\" target=\"_blank\" rel=\"nofollow noopener\">Tapas Berlin El Colmado Kudamm<\/a><\/div><span class=\"rpi-stars\" style=\"--rating:4.5\">4.5<\/span><div class=\"wp-google-based\">Basado en 215 rese\u00f1as. <\/div><div class=\"wp-google-powered\">powered by <span><span style=\"color:#3c6df0!important\">G<\/span><span style=\"color:#d93025!important\">o<\/span><span style=\"color:#fb8e28!important\">o<\/span><span style=\"color:#3c6df0!important\">g<\/span><span style=\"color:#188038!important\">l<\/span><span style=\"color:#d93025!important\">e<\/span><\/span><\/div><div class=\"wp-google-wr\"><a href=\"https:\/\/search.google.com\/local\/writereview?placeid=ChIJpYBefsFRqEcRU91uvoqDfyg\" target=\"_blank\" rel=\"nofollow noopener\" onclick=\"return rplg_leave_review_window.call(this)\">val\u00f3ranos en<svg height=\"16\" width=\"16\" role=\"none\"><use href=\"#grw-google\"><\/use><\/svg><\/a><\/div><\/div><\/div><\/div><div class=\"rpi-slides-root grw-content\"><div class=\"grw-content-inner\"><button class=\"rpi-ltgt rpi-lt grw-prev\" tabindex=\"0\"><\/button><div class=\"rpi-slides grw-reviews rpi-slides-bite\" data-count=\"5\" data-offset=\"5\"><div class=\"rpi-slide grw-review\"><div class=\"rpi-flx rpi-col12 grw-review-inner grw-backgnd\"><div class=\"rpi-flx rpi-row12-center\"><div class=\"grw-img-wrap\"><img decoding=\"async\" class=\"grw-img\" src=\"https:\/\/lh3.googleusercontent.com\/a-\/AFdZucr1YuvVHTAThI9Xgazp2JepW0w7dMN-4J61yPRMGg=s128-c0x00000000-cc-rp-mo-ba3\" loading=\"lazy\" alt=\"Uriel Brutzkus profile picture\" width=\"50\" height=\"50\" onerror=\"if(this.src!='https:\/\/www.elcolmado.de\/wp-content\/plugins\/widget-google-reviews\/assets\/img\/guest.png')this.src='https:\/\/www.elcolmado.de\/wp-content\/plugins\/widget-google-reviews\/assets\/img\/guest.png';\" ><\/div><div class=\"rpi-flx rpi-col6\"><a href=\"https:\/\/www.google.com\/maps\/contrib\/100638225212006692853\/reviews\" class=\"wp-google-name\" target=\"_blank\" rel=\"nofollow noopener\">Uriel Brutzkus<\/a><div class=\"wp-google-time\" data-time=\"1655442615\">05:10 17 Jun 22<\/div><\/div><\/div><span class=\"rpi-stars\" style=\"--rating:5\"><\/span><div class=\"rpi-flx rpi-col4\"><div class=\"wp-google-feedback grw-scroll\" ><span class=\"wp-google-text\">Very nice place, great atmosphere with friendly staff, the dishes were tasty and fresh.<\/span><\/div><\/div><svg height=\"16\" width=\"16\" role=\"none\"><use href=\"#grw-google\"\/><\/svg><\/div><\/div><div class=\"rpi-slide grw-review\"><div class=\"rpi-flx rpi-col12 grw-review-inner grw-backgnd\"><div class=\"rpi-flx rpi-row12-center\"><div class=\"grw-img-wrap\"><img decoding=\"async\" class=\"grw-img\" src=\"https:\/\/lh3.googleusercontent.com\/a\/AItbvmlG-UyCnNoLohZxuTQzvCEaVY86SkX2-j8gJqM=s128-c0x00000000-cc-rp-mo\" loading=\"lazy\" alt=\"sharon brutzkus profile picture\" width=\"50\" height=\"50\" onerror=\"if(this.src!='https:\/\/www.elcolmado.de\/wp-content\/plugins\/widget-google-reviews\/assets\/img\/guest.png')this.src='https:\/\/www.elcolmado.de\/wp-content\/plugins\/widget-google-reviews\/assets\/img\/guest.png';\" ><\/div><div class=\"rpi-flx rpi-col6\"><a href=\"https:\/\/www.google.com\/maps\/contrib\/113803745310121187571\/reviews\" class=\"wp-google-name\" target=\"_blank\" rel=\"nofollow noopener\">sharon brutzkus<\/a><div class=\"wp-google-time\" data-time=\"1654028537\">20:22 31 May 22<\/div><\/div><\/div><span class=\"rpi-stars\" style=\"--rating:5\"><\/span><div class=\"rpi-flx rpi-col4\"><div class=\"wp-google-feedback grw-scroll\" ><span class=\"wp-google-text\">Nice people. Tasty tapas and beer<\/span><\/div><\/div><svg height=\"16\" width=\"16\" role=\"none\"><use href=\"#grw-google\"\/><\/svg><\/div><\/div><div class=\"rpi-slide grw-review\"><div class=\"rpi-flx rpi-col12 grw-review-inner grw-backgnd\"><div class=\"rpi-flx rpi-row12-center\"><div class=\"grw-img-wrap\"><img decoding=\"async\" class=\"grw-img\" src=\"https:\/\/lh3.googleusercontent.com\/a-\/AFdZucqlou-W3aNA-l8ur4lGlcWhgtHS0z-2A4d5YqS5crM=s128-c0x00000000-cc-rp-mo-ba4\" loading=\"lazy\" alt=\"C\u00e1ssia Nunes profile picture\" width=\"50\" height=\"50\" onerror=\"if(this.src!='https:\/\/www.elcolmado.de\/wp-content\/plugins\/widget-google-reviews\/assets\/img\/guest.png')this.src='https:\/\/www.elcolmado.de\/wp-content\/plugins\/widget-google-reviews\/assets\/img\/guest.png';\" ><\/div><div class=\"rpi-flx rpi-col6\"><a href=\"https:\/\/www.google.com\/maps\/contrib\/116075485671554759827\/reviews\" class=\"wp-google-name\" target=\"_blank\" rel=\"nofollow noopener\">C\u00e1ssia Nunes<\/a><div class=\"wp-google-time\" data-time=\"1652903616\">19:53 18 May 22<\/div><\/div><\/div><span class=\"rpi-stars\" style=\"--rating:3\"><\/span><div class=\"rpi-flx rpi-col4\"><div class=\"wp-google-feedback grw-scroll\" ><span class=\"wp-google-text\">Good place but not enough staff. Kitchen took too long and messed up many orders for our group. A pity.<\/span><\/div><\/div><svg height=\"16\" width=\"16\" role=\"none\"><use href=\"#grw-google\"\/><\/svg><\/div><\/div><div class=\"rpi-slide grw-review\"><div class=\"rpi-flx rpi-col12 grw-review-inner grw-backgnd\"><div class=\"rpi-flx rpi-row12-center\"><div class=\"grw-img-wrap\"><img decoding=\"async\" class=\"grw-img\" src=\"https:\/\/lh3.googleusercontent.com\/a-\/AFdZuco7N5_zg27RgVFwDSqZJIidlBUgeA5n62Opnj3B=s128-c0x00000000-cc-rp-mo\" loading=\"lazy\" alt=\"Chahrazad Lachiheb profile picture\" width=\"50\" height=\"50\" onerror=\"if(this.src!='https:\/\/www.elcolmado.de\/wp-content\/plugins\/widget-google-reviews\/assets\/img\/guest.png')this.src='https:\/\/www.elcolmado.de\/wp-content\/plugins\/widget-google-reviews\/assets\/img\/guest.png';\" ><\/div><div class=\"rpi-flx rpi-col6\"><a href=\"https:\/\/www.google.com\/maps\/contrib\/108855102244607515001\/reviews\" class=\"wp-google-name\" target=\"_blank\" rel=\"nofollow noopener\">Chahrazad Lachiheb<\/a><div class=\"wp-google-time\" data-time=\"1645141754\">23:49 17 Feb 22<\/div><\/div><\/div><span class=\"rpi-stars\" style=\"--rating:5\"><\/span><div class=\"rpi-flx rpi-col4\"><div class=\"wp-google-feedback grw-scroll\" ><span class=\"wp-google-text\">Perfect place If you\u2019re looking for a little escape in the heart of Berlin. The ambiance mentally sends you to Spain and gives you the feeling of vacation. Perfectly suitable for a family\/friends gathering or a sweet date. The food IS SO DELICIOUS!! Made with so much love and passion. The service is so good, the waiters are so nice. I definitely recommend.<\/span><\/div><\/div><svg height=\"16\" width=\"16\" role=\"none\"><use href=\"#grw-google\"\/><\/svg><\/div><\/div><div class=\"rpi-slide grw-review\"><div class=\"rpi-flx rpi-col12 grw-review-inner grw-backgnd\"><div class=\"rpi-flx rpi-row12-center\"><div class=\"grw-img-wrap\"><img decoding=\"async\" class=\"grw-img\" src=\"https:\/\/lh3.googleusercontent.com\/a\/AItbvmm0OQlIh9fbx9uMVW9tBiX-vqzpupFa3bglUJxa=s128-c0x00000000-cc-rp-mo\" loading=\"lazy\" alt=\"Kestutis Stankevicius profile picture\" width=\"50\" height=\"50\" onerror=\"if(this.src!='https:\/\/www.elcolmado.de\/wp-content\/plugins\/widget-google-reviews\/assets\/img\/guest.png')this.src='https:\/\/www.elcolmado.de\/wp-content\/plugins\/widget-google-reviews\/assets\/img\/guest.png';\" ><\/div><div class=\"rpi-flx rpi-col6\"><a href=\"https:\/\/www.google.com\/maps\/contrib\/109773098084217697773\/reviews\" class=\"wp-google-name\" target=\"_blank\" rel=\"nofollow noopener\">Kestutis Stankevicius<\/a><div class=\"wp-google-time\" data-time=\"1633960533\">13:55 11 Oct 21<\/div><\/div><\/div><span class=\"rpi-stars\" style=\"--rating:5\"><\/span><div class=\"rpi-flx rpi-col4\"><div class=\"wp-google-feedback grw-scroll\" ><span class=\"wp-google-text\">Great Spanish tapas restaurant! I was surprised about the quality and freshness of the food. Miles better than in most of  the restaurants in Spain.<\/span><\/div><\/div><svg height=\"16\" width=\"16\" role=\"none\"><use href=\"#grw-google\"\/><\/svg><\/div><\/div><\/div><button class=\"rpi-ltgt rpi-gt grw-next\" tabindex=\"0\"><\/button><div class=\"rpi-dots-wrap\"><div class=\"rpi-dots\"><\/div><\/div><\/div><\/div><\/div><script>(function(p){if(!p)return;let w=p.offsetWidth,m=function(a,b){return Math.min(a,b)===a};p.querySelector('.grw-row').classList.replace('grw-row-m','grw-row-'+(m(w,510)?'xs':m(w,750)?'x':m(w,1100)?'s':m(w,1450)?'m':m(w,1800)?'l':'xl'))})(document.currentScript?.parentElement)<\/script><\/div>[\/vc_column_text][\/vc_column][\/vc_row]<\/p>\n<\/div>","protected":false},"excerpt":{"rendered":"<p>[vc_row css_animation=\u00bb\u00bb row_type=\u00bbrow\u00bb use_row_as_full_screen_section=\u00bbno\u00bb type=\u00bbfull_width\u00bb angled_section=\u00bbno\u00bb text_align=\u00bbleft\u00bb background_image_as_pattern=\u00bbwithout_pattern\u00bb css=\u00bb.vc_custom_1695224771676{padding-top: 3% !important;}\u00bb z_index=\u00bb\u00bb][vc_column width=\u00bb1\/2&#8243;][vc_column_text css=\u00bb.vc_custom_1696581304792{padding-bottom: 3% !important;}\u00bb] \u00a1MEN\u00da NAVIDE\u00d1O PARA GRUPOS EN BERLIN! [\/vc_column_text][vc_column_text]Ya puedes reservar nuestro Men\u00fa exclusivo navide\u00f1o con los mejores productos espa\u00f1oles en El Colmado! Hemos creado un aut\u00e9ntico banquete navide\u00f1o con nuevas&#8230;<\/p>\n","protected":false},"author":2,"featured_media":0,"parent":0,"menu_order":0,"comment_status":"closed","ping_status":"closed","template":"","meta":{"footnotes":""},"class_list":["post-7153","page","type-page","status-publish","hentry"],"yoast_head":"<!-- This site is optimized with the Yoast SEO plugin v27.5 - https:\/\/yoast.com\/product\/yoast-seo-wordpress\/ -->\n<title>Men\u00fa navide\u00f1o para grupos! - elcolmado.de<\/title>\n<meta name=\"description\" content=\"Ya puedes reservar nuestro Men\u00fa exclusivo navide\u00f1o con los mejores productos espa\u00f1oles en El Colmado!\" \/>\n<meta name=\"robots\" content=\"index, follow, max-snippet:-1, max-image-preview:large, max-video-preview:-1\" \/>\n<link rel=\"canonical\" href=\"https:\/\/www.elcolmado.de\/es\/menu-navideno-para-grupos-en-berlin\/\" \/>\n<meta property=\"og:locale\" content=\"es_ES\" \/>\n<meta property=\"og:type\" content=\"article\" \/>\n<meta property=\"og:title\" content=\"Men\u00fa navide\u00f1o para grupos! - elcolmado.de\" \/>\n<meta property=\"og:description\" content=\"Ya puedes reservar nuestro Men\u00fa exclusivo navide\u00f1o con los mejores productos espa\u00f1oles en El Colmado!\" \/>\n<meta property=\"og:url\" content=\"https:\/\/www.elcolmado.de\/es\/menu-navideno-para-grupos-en-berlin\/\" \/>\n<meta property=\"og:site_name\" content=\"elcolmado.de\" \/>\n<meta property=\"article:modified_time\" content=\"2023-10-06T08:35:07+00:00\" \/>\n<meta name=\"twitter:card\" content=\"summary_large_image\" \/>\n<meta name=\"twitter:label1\" content=\"Tiempo de lectura\" \/>\n\t<meta name=\"twitter:data1\" content=\"1 minuto\" \/>\n<script type=\"application\/ld+json\" class=\"yoast-schema-graph\">{\"@context\":\"https:\\\/\\\/schema.org\",\"@graph\":[{\"@type\":\"WebPage\",\"@id\":\"https:\\\/\\\/www.elcolmado.de\\\/es\\\/menu-navideno-para-grupos-en-berlin\\\/\",\"url\":\"https:\\\/\\\/www.elcolmado.de\\\/es\\\/menu-navideno-para-grupos-en-berlin\\\/\",\"name\":\"Men\u00fa navide\u00f1o para grupos! - elcolmado.de\",\"isPartOf\":{\"@id\":\"https:\\\/\\\/www.elcolmado.de\\\/#website\"},\"datePublished\":\"2023-09-20T16:01:39+00:00\",\"dateModified\":\"2023-10-06T08:35:07+00:00\",\"description\":\"Ya puedes reservar nuestro Men\u00fa exclusivo navide\u00f1o con los mejores productos espa\u00f1oles en El Colmado!\",\"breadcrumb\":{\"@id\":\"https:\\\/\\\/www.elcolmado.de\\\/es\\\/menu-navideno-para-grupos-en-berlin\\\/#breadcrumb\"},\"inLanguage\":\"es\",\"potentialAction\":[{\"@type\":\"ReadAction\",\"target\":[\"https:\\\/\\\/www.elcolmado.de\\\/es\\\/menu-navideno-para-grupos-en-berlin\\\/\"]}]},{\"@type\":\"BreadcrumbList\",\"@id\":\"https:\\\/\\\/www.elcolmado.de\\\/es\\\/menu-navideno-para-grupos-en-berlin\\\/#breadcrumb\",\"itemListElement\":[{\"@type\":\"ListItem\",\"position\":1,\"name\":\"Portada\",\"item\":\"https:\\\/\\\/www.elcolmado.de\\\/es\\\/\"},{\"@type\":\"ListItem\",\"position\":2,\"name\":\"Men\u00fa navide\u00f1o para grupos!\"}]},{\"@type\":\"WebSite\",\"@id\":\"https:\\\/\\\/www.elcolmado.de\\\/#website\",\"url\":\"https:\\\/\\\/www.elcolmado.de\\\/\",\"name\":\"elcolmado.de\",\"description\":\"Bar Tapas Berlin\",\"potentialAction\":[{\"@type\":\"SearchAction\",\"target\":{\"@type\":\"EntryPoint\",\"urlTemplate\":\"https:\\\/\\\/www.elcolmado.de\\\/?s={search_term_string}\"},\"query-input\":{\"@type\":\"PropertyValueSpecification\",\"valueRequired\":true,\"valueName\":\"search_term_string\"}}],\"inLanguage\":\"es\"}]}<\/script>\n<!-- \/ Yoast SEO plugin. -->","yoast_head_json":{"title":"Men\u00fa navide\u00f1o para grupos! - elcolmado.de","description":"Ya puedes reservar nuestro Men\u00fa exclusivo navide\u00f1o con los mejores productos espa\u00f1oles en El Colmado!","robots":{"index":"index","follow":"follow","max-snippet":"max-snippet:-1","max-image-preview":"max-image-preview:large","max-video-preview":"max-video-preview:-1"},"canonical":"https:\/\/www.elcolmado.de\/es\/menu-navideno-para-grupos-en-berlin\/","og_locale":"es_ES","og_type":"article","og_title":"Men\u00fa navide\u00f1o para grupos! - elcolmado.de","og_description":"Ya puedes reservar nuestro Men\u00fa exclusivo navide\u00f1o con los mejores productos espa\u00f1oles en El Colmado!","og_url":"https:\/\/www.elcolmado.de\/es\/menu-navideno-para-grupos-en-berlin\/","og_site_name":"elcolmado.de","article_modified_time":"2023-10-06T08:35:07+00:00","twitter_card":"summary_large_image","twitter_misc":{"Tiempo de lectura":"1 minuto"},"schema":{"@context":"https:\/\/schema.org","@graph":[{"@type":"WebPage","@id":"https:\/\/www.elcolmado.de\/es\/menu-navideno-para-grupos-en-berlin\/","url":"https:\/\/www.elcolmado.de\/es\/menu-navideno-para-grupos-en-berlin\/","name":"Men\u00fa navide\u00f1o para grupos! - elcolmado.de","isPartOf":{"@id":"https:\/\/www.elcolmado.de\/#website"},"datePublished":"2023-09-20T16:01:39+00:00","dateModified":"2023-10-06T08:35:07+00:00","description":"Ya puedes reservar nuestro Men\u00fa exclusivo navide\u00f1o con los mejores productos espa\u00f1oles en El Colmado!","breadcrumb":{"@id":"https:\/\/www.elcolmado.de\/es\/menu-navideno-para-grupos-en-berlin\/#breadcrumb"},"inLanguage":"es","potentialAction":[{"@type":"ReadAction","target":["https:\/\/www.elcolmado.de\/es\/menu-navideno-para-grupos-en-berlin\/"]}]},{"@type":"BreadcrumbList","@id":"https:\/\/www.elcolmado.de\/es\/menu-navideno-para-grupos-en-berlin\/#breadcrumb","itemListElement":[{"@type":"ListItem","position":1,"name":"Portada","item":"https:\/\/www.elcolmado.de\/es\/"},{"@type":"ListItem","position":2,"name":"Men\u00fa navide\u00f1o para grupos!"}]},{"@type":"WebSite","@id":"https:\/\/www.elcolmado.de\/#website","url":"https:\/\/www.elcolmado.de\/","name":"elcolmado.de","description":"Bar Tapas Berlin","potentialAction":[{"@type":"SearchAction","target":{"@type":"EntryPoint","urlTemplate":"https:\/\/www.elcolmado.de\/?s={search_term_string}"},"query-input":{"@type":"PropertyValueSpecification","valueRequired":true,"valueName":"search_term_string"}}],"inLanguage":"es"}]}},"_links":{"self":[{"href":"https:\/\/www.elcolmado.de\/es\/wp-json\/wp\/v2\/pages\/7153","targetHints":{"allow":["GET"]}}],"collection":[{"href":"https:\/\/www.elcolmado.de\/es\/wp-json\/wp\/v2\/pages"}],"about":[{"href":"https:\/\/www.elcolmado.de\/es\/wp-json\/wp\/v2\/types\/page"}],"author":[{"embeddable":true,"href":"https:\/\/www.elcolmado.de\/es\/wp-json\/wp\/v2\/users\/2"}],"replies":[{"embeddable":true,"href":"https:\/\/www.elcolmado.de\/es\/wp-json\/wp\/v2\/comments?post=7153"}],"version-history":[{"count":5,"href":"https:\/\/www.elcolmado.de\/es\/wp-json\/wp\/v2\/pages\/7153\/revisions"}],"predecessor-version":[{"id":7207,"href":"https:\/\/www.elcolmado.de\/es\/wp-json\/wp\/v2\/pages\/7153\/revisions\/7207"}],"wp:attachment":[{"href":"https:\/\/www.elcolmado.de\/es\/wp-json\/wp\/v2\/media?parent=7153"}],"curies":[{"name":"wp","href":"https:\/\/api.w.org\/{rel}","templated":true}]}}