{"id":7753,"date":"2026-01-12T10:41:29","date_gmt":"2026-01-12T10:41:29","guid":{"rendered":"https:\/\/www.elcolmado.de\/?page_id=7753"},"modified":"2026-01-14T09:11:47","modified_gmt":"2026-01-14T09:11:47","slug":"catering-en-munich","status":"publish","type":"page","link":"https:\/\/www.elcolmado.de\/es\/catering-en-munich\/","title":{"rendered":"Catering en Munich"},"content":{"rendered":"<div class=\"wpb-content-wrapper\"><p>[vc_row css_animation=\u00bb\u00bb row_type=\u00bbrow\u00bb use_row_as_full_screen_section=\u00bbno\u00bb type=\u00bbfull_width\u00bb angled_section=\u00bbno\u00bb text_align=\u00bbleft\u00bb background_image_as_pattern=\u00bbwithout_pattern\u00bb tipo_fila=\u00bbfila\u00bb tipo=\u00bbancho_completo\u00bb][vc_column]\n\t\t\t\t<p class=\"rs-p-wp-fix\"><\/p>\n\t\t\t\t<sr7-module data-alias=\"catering-es-munich\" data-id=\"11\" id=\"SR7_11_1\" class=\"rs-ov-hidden\" data-version=\"6.7.53\">\n\t\t\t\t\t<sr7-adjuster><\/sr7-adjuster>\n\t\t\t\t\t<sr7-content>\n\t\t\t\t\t\t<sr7-slide id=\"SR7_11_1-20\" data-key=\"20\">\n\t\t\t\t\t\t\t<h1 id=\"SR7_11_1-20-1\" class=\"sr7-layer\">CATERING EN Munich<\/h1>\n\t\t\t\t\t\t<\/sr7-slide>\n\t\t\t\t\t\t<sr7-slide id=\"SR7_11_1-21\" data-key=\"21\">\n\t\t\t\t\t\t<\/sr7-slide>\n\t\t\t\t\t<\/sr7-content>\n\t\t\t\t<\/sr7-module>\n\t\t\t\t<script>\n\t\t\t\t\twindow.SR7 ??={};SR7.PMH ??={}; SR7.PMH[\"SR7_11_1\"] = {cn:100,state:false,fn: function() { if (window._tpt!==undefined && window._tpt.prepareModuleHeight !== undefined) {  _tpt.prepareModuleHeight({id:\"SR7_11_1\",el:[868,868,868,868,720],type:'standard',shdw:'0',gh:[868,868,868,868,720],gw:[1240,1240,1240,1240,480],vpt:['-200px&#039;,&#039;-200px&#039;,&#039;-200px&#039;,&#039;-200px&#039;,&#039;-200px'],size:{fullWidth:false, fullHeight:false},mh:'0',onh:0,onw:0,bg:{color:'{\"orig\":\"transparent\",\"type\":\"solid\",\"string\":\"transparent\"}'},plType:'0',plColor:'#FFFFFF'});   SR7.PMH[\"SR7_11_1\"].state=true;} else if(SR7.PMH[\"SR7_11_1\"].cn-->0)\tsetTimeout( SR7.PMH[\"SR7_11_1\"].fn,19);}};SR7.PMH[\"SR7_11_1\" ].fn();\n\t\t\t\t<\/script>\n[\/vc_column][\/vc_row][vc_row css_animation=\u00bb\u00bb row_type=\u00bbrow\u00bb use_row_as_full_screen_section=\u00bbno\u00bb type=\u00bbfull_width\u00bb angled_section=\u00bbno\u00bb text_align=\u00bbleft\u00bb background_image_as_pattern=\u00bbwithout_pattern\u00bb tipo_fila=\u00bbfila\u00bb tipo=\u00bbcuadr\u00edcula\u00bb z_index=\u00bb\u00bb css=\u00bb.vc_custom_1550573633544{color_de_fondo: #ffffff !important;}\u00bb][vc_column][vc_empty_space height=\u00bb5px\u00bb][vc_column_text css=\u00bb\u00bb]<\/p>\n<h3 style=\"text-align: center;\"><span dir=\"auto\" style=\"vertical-align: inherit;\"><span dir=\"auto\" style=\"vertical-align: inherit;\"><span dir=\"auto\" style=\"vertical-align: inherit;\"><span dir=\"auto\" style=\"vertical-align: inherit;\">Tapas Catering M\u00fanich<\/span><\/span><\/span><\/span><\/h3>\n<p>&nbsp;<\/p>\n<p style=\"text-align: center;\"><span dir=\"auto\" style=\"vertical-align: inherit;\"><span dir=\"auto\" style=\"vertical-align: inherit;\"><span dir=\"auto\" style=\"vertical-align: inherit;\"><span dir=\"auto\" style=\"vertical-align: inherit;\"><span dir=\"auto\" style=\"vertical-align: inherit;\"><span dir=\"auto\" style=\"vertical-align: inherit;\">El Colmado tambi\u00e9n es <\/span><\/span><\/span><\/span><\/span><\/span><a href=\"https:\/\/www.elcolmado.de\/es\/catering-en-munich\/\"><strong><span dir=\"auto\" style=\"vertical-align: inherit;\"><span dir=\"auto\" style=\"vertical-align: inherit;\"><span dir=\"auto\" style=\"vertical-align: inherit;\"><span dir=\"auto\" style=\"vertical-align: inherit;\"><span dir=\"auto\" style=\"vertical-align: inherit;\"><span dir=\"auto\" style=\"vertical-align: inherit;\">una empresa de catering en M\u00fanich<\/span><\/span><\/span><\/span><\/span><\/span><\/strong><\/a><span dir=\"auto\" style=\"vertical-align: inherit;\"><span dir=\"auto\" style=\"vertical-align: inherit;\"><span dir=\"auto\" style=\"vertical-align: inherit;\"><span dir=\"auto\" style=\"vertical-align: inherit;\"><span dir=\"auto\" style=\"vertical-align: inherit;\"><span dir=\"auto\" style=\"vertical-align: inherit;\">: ofrecemos Catering espa\u00f1ol en M\u00fanich, ya sea Paella en vivo, Tapas o Finger food m\u00e1s elaborado. Tambi\u00e9n ofrecemos cualquier plato de nuestro men\u00fa para llevar.<\/span><\/span><\/span><\/span><\/span><\/span><\/p>\n<p>[\/vc_column_text][vc_empty_space height=\u00bb10px\u00bb][vc_column_text css=\u00bb\u00bb]<\/p>\n<h3 style=\"margin-top: 20px; text-align: center;\"><span dir=\"auto\" style=\"vertical-align: inherit;\"><span dir=\"auto\" style=\"vertical-align: inherit;\"><span dir=\"auto\" style=\"vertical-align: inherit;\"><span dir=\"auto\" style=\"vertical-align: inherit;\"><span dir=\"auto\" style=\"vertical-align: inherit;\"><span dir=\"auto\" style=\"vertical-align: inherit;\">Servicios de Catering en M\u00fanich<\/span><\/span><\/span><\/span><\/span><\/span><\/h3>\n<blockquote>\n<div>\n<div style=\"text-align: center;\"><span dir=\"auto\" style=\"vertical-align: inherit;\"><span dir=\"auto\" style=\"vertical-align: inherit;\"><span dir=\"auto\" style=\"vertical-align: inherit;\"><span dir=\"auto\" style=\"vertical-align: inherit;\"><span dir=\"auto\" style=\"vertical-align: inherit;\"><span dir=\"auto\" style=\"vertical-align: inherit;\">Nos adaptamos a tus necesidades y presupuesto con nuestras propuestas de Catering, tanto en formato flying buffet como Tapas-buffet. Tenemos a\u00f1os de experiencia en realizar eventos corporativos, bodas y en las Ferias que se celebran en M\u00fanich y otras ciudades de Alemania.<\/span><\/span><\/span><\/span><\/span><\/span><\/div>\n<p>&nbsp;<\/p>\n<div style=\"text-align: center;\"><span dir=\"auto\" style=\"vertical-align: inherit;\"><span dir=\"auto\" style=\"vertical-align: inherit;\"><span dir=\"auto\" style=\"vertical-align: inherit;\"><span dir=\"auto\" style=\"vertical-align: inherit;\"><span dir=\"auto\" style=\"vertical-align: inherit;\"><span dir=\"auto\" style=\"vertical-align: inherit;\">Te ofrecemos una fusi\u00f3n de calidad, buen gusto y profesionalidad. Deja en manos de nuestro director de proyecto tu evento y nos encargamos del servicio de camareros, alquiler de menaje y todo lo que necesites para que tu evento sea un \u00e9xito. \u00a1Estamos aqu\u00ed para ti!<\/span><\/span><\/span><\/span><\/span><\/span><\/div>\n<\/div>\n<\/blockquote>\n<p>[\/vc_column_text][vc_empty_space height=\u00bb42px\u00bb][vc_row_inner row_type=\u00bbfila\u00bb text_align=\u00bbcenter\u00bb][vc_column_inner][vc_column_text css=\u00bb\u00bb]<\/p>\n<h3 style=\"text-align: center; margin-bottom: 25px;\"><span dir=\"auto\" style=\"vertical-align: inherit;\"><span dir=\"auto\" style=\"vertical-align: inherit;\">Estaci\u00f3n de Jam\u00f3n ib\u00e9rico<\/span><\/span><\/h3>\n<p style=\"text-align: center;\"><span dir=\"auto\" style=\"vertical-align: inherit;\"><span dir=\"auto\" style=\"vertical-align: inherit;\">Hablar de Jam\u00f3n en M\u00fanich es hablar de El Colmado y viceversa. Tenemos pasi\u00f3n por el producto estrella de la gastronom\u00eda espa\u00f1ola y por eso, ofrecemos para tu evento un stand \/ parada de jam\u00f3n ib\u00e9rico con cortador de jam\u00f3n profesional, que te lo aseguramos, ser\u00e1 el centro de atracci\u00f3n de tu evento.<\/span><\/span><\/p>\n<p><span dir=\"auto\" style=\"vertical-align: inherit;\"><span dir=\"auto\" style=\"vertical-align: inherit;\"><span dir=\"auto\" style=\"vertical-align: inherit;\"><span dir=\"auto\" style=\"vertical-align: inherit;\"><span dir=\"auto\" style=\"vertical-align: inherit;\"><span dir=\"auto\" style=\"vertical-align: inherit;\">[\/vc_column_text][\/vc_column_inner][\/vc_row_inner][\/vc_column][\/vc_row][vc_row row_type=\u00bbfila\u00bb][vc_column][vc_empty_space height=\u00bb50px\u00bb][vc_column_text css=\u00bb\u00bb]\u00a0<\/span><\/span><\/span><\/span><\/span><\/span><\/p>\n<h2 style=\"text-align: center; margin-top: 20px; margin-bottom: 15px;\">\u00bfQUIERES CONTRATAR NUESTRO SERVICIO DE CATERING?<\/h2>\n<p style=\"text-align: center;\"><span dir=\"auto\" style=\"vertical-align: inherit;\"><span dir=\"auto\" style=\"vertical-align: inherit;\"><span dir=\"auto\" style=\"vertical-align: inherit;\"><span dir=\"auto\" style=\"vertical-align: inherit;\">Solicita m\u00e1s informaci\u00f3n en <\/span><\/span><\/span><\/span><a href=\"mailto:info@elcolmado.de\"><span dir=\"auto\" style=\"vertical-align: inherit;\"><span dir=\"auto\" style=\"vertical-align: inherit;\"><span dir=\"auto\" style=\"vertical-align: inherit;\"><span dir=\"auto\" style=\"vertical-align: inherit;\">info@elcolmado.de<\/span><\/span><\/span><\/span><\/a><\/p>\n<p>[\/vc_column_text][vc_empty_space][\/vc_column][\/vc_row][vc_row css_animation=\u00bb\u00bb row_type=\u00bbrow\u00bb use_row_as_full_screen_section=\u00bbno\u00bb type=\u00bbfull_width\u00bb angled_section=\u00bbno\u00bb text_align=\u00bbleft\u00bb background_image_as_pattern=\u00bbwithout_pattern\u00bb css=\u00bb.vc_custom_1676889587476{margin-top: 3% !important;}\u00bb z_index=\u00bb\u00bb][vc_column][vc_gallery type=\u00bbimage_grid\u00bb images=\u00bb6816,6819,6822,6825,6828,6831,6834,6856&#8243; img_size=\u00bb683&#215;1024&#8243; column_number=\u00bb4&#8243; grayscale=\u00bbno\u00bb images_space=\u00bbgallery_without_space\u00bb grises=\u00bbpecado\u00bb][\/vc_column][\/vc_row][vc_row css_animation=\u00bb\u00bb row_type=\u00bbrow\u00bb use_row_as_full_screen_section=\u00bbno\u00bb type=\u00bbfull_width\u00bb angled_section=\u00bbno\u00bb text_align=\u00bbleft\u00bb background_image_as_pattern=\u00bbwithout_pattern\u00bb tipo_fila=\u00bbfila\u00bb tipo=\u00bbancho_completo\u00bb][vc_column][vc_column_text]<span dir=\"auto\" style=\"vertical-align: inherit;\"><span dir=\"auto\" style=\"vertical-align: inherit;\"> [\/vc_column_text][\/vc_column][\/vc_row][vc_row css_animation=\u00bb\u00bb row_type=\u00bbrow\u00bb use_row_as_full_screen_section=\u00bbno\u00bb type=\u00bbfull_width\u00bb angled_section=\u00bbno\u00bb text_align=\u00bbleft\u00bb background_image_as_pattern=\u00bbwithout_pattern\u00bb][vc_column][vc_column_text]<\/span><\/span>[\/vc_column_text][\/vc_column][\/vc_row]<\/p>\n<\/div>","protected":false},"excerpt":{"rendered":"<p>[vc_row css_animation=\u00bb\u00bb row_type=\u00bbrow\u00bb use_row_as_full_screen_section=\u00bbno\u00bb type=\u00bbfull_width\u00bb angled_section=\u00bbno\u00bb text_align=\u00bbleft\u00bb background_image_as_pattern=\u00bbwithout_pattern\u00bb tipo_fila=\u00bbfila\u00bb tipo=\u00bbancho_completo\u00bb][vc_column][\/vc_column][\/vc_row][vc_row css_animation=\u00bb\u00bb row_type=\u00bbrow\u00bb use_row_as_full_screen_section=\u00bbno\u00bb type=\u00bbfull_width\u00bb angled_section=\u00bbno\u00bb text_align=\u00bbleft\u00bb background_image_as_pattern=\u00bbwithout_pattern\u00bb tipo_fila=\u00bbfila\u00bb tipo=\u00bbcuadr\u00edcula\u00bb z_index=\u00bb\u00bb css=\u00bb.vc_custom_1550573633544{color_de_fondo: #ffffff !important;}\u00bb][vc_column][vc_empty_space height=\u00bb5px\u00bb][vc_column_text css=\u00bb\u00bb] Tapas Catering M\u00fanich &nbsp; El Colmado tambi\u00e9n es una empresa de catering en M\u00fanich: ofrecemos Catering espa\u00f1ol en M\u00fanich, ya&#8230;<\/p>\n","protected":false},"author":4,"featured_media":0,"parent":0,"menu_order":0,"comment_status":"closed","ping_status":"closed","template":"full_width.php","meta":{"footnotes":""},"class_list":["post-7753","page","type-page","status-publish","hentry"],"yoast_head":"<!-- This site is optimized with the Yoast SEO plugin v27.4 - https:\/\/yoast.com\/product\/yoast-seo-wordpress\/ -->\n<title>Catering en Munich - elcolmado.de<\/title>\n<meta name=\"description\" content=\"Servicio de Catering en Munich con El Colmado. Somos una empresa de catering en Munich. Nos adaptamos a tu presupuesto\" \/>\n<meta name=\"robots\" content=\"index, follow, max-snippet:-1, max-image-preview:large, max-video-preview:-1\" \/>\n<link rel=\"canonical\" href=\"https:\/\/www.elcolmado.de\/es\/catering-en-munich\/\" \/>\n<meta property=\"og:locale\" content=\"es_ES\" \/>\n<meta property=\"og:type\" content=\"article\" \/>\n<meta property=\"og:title\" content=\"Catering en Munich - elcolmado.de\" \/>\n<meta property=\"og:description\" content=\"Servicio de Catering en Munich con El Colmado. Somos una empresa de catering en Munich. Nos adaptamos a tu presupuesto\" \/>\n<meta property=\"og:url\" content=\"https:\/\/www.elcolmado.de\/es\/catering-en-munich\/\" \/>\n<meta property=\"og:site_name\" content=\"elcolmado.de\" \/>\n<meta property=\"article:modified_time\" content=\"2026-01-14T09:11:47+00:00\" \/>\n<meta name=\"twitter:card\" content=\"summary_large_image\" \/>\n<meta name=\"twitter:label1\" content=\"Tiempo de lectura\" \/>\n\t<meta name=\"twitter:data1\" content=\"1 minuto\" \/>\n<script type=\"application\/ld+json\" class=\"yoast-schema-graph\">{\"@context\":\"https:\\\/\\\/schema.org\",\"@graph\":[{\"@type\":\"WebPage\",\"@id\":\"https:\\\/\\\/www.elcolmado.de\\\/es\\\/catering-en-munich\\\/\",\"url\":\"https:\\\/\\\/www.elcolmado.de\\\/es\\\/catering-en-munich\\\/\",\"name\":\"Catering en Munich - elcolmado.de\",\"isPartOf\":{\"@id\":\"https:\\\/\\\/www.elcolmado.de\\\/#website\"},\"datePublished\":\"2026-01-12T10:41:29+00:00\",\"dateModified\":\"2026-01-14T09:11:47+00:00\",\"description\":\"Servicio de Catering en Munich con El Colmado. Somos una empresa de catering en Munich. Nos adaptamos a tu presupuesto\",\"breadcrumb\":{\"@id\":\"https:\\\/\\\/www.elcolmado.de\\\/es\\\/catering-en-munich\\\/#breadcrumb\"},\"inLanguage\":\"es\",\"potentialAction\":[{\"@type\":\"ReadAction\",\"target\":[\"https:\\\/\\\/www.elcolmado.de\\\/es\\\/catering-en-munich\\\/\"]}]},{\"@type\":\"BreadcrumbList\",\"@id\":\"https:\\\/\\\/www.elcolmado.de\\\/es\\\/catering-en-munich\\\/#breadcrumb\",\"itemListElement\":[{\"@type\":\"ListItem\",\"position\":1,\"name\":\"Portada\",\"item\":\"https:\\\/\\\/www.elcolmado.de\\\/es\\\/\"},{\"@type\":\"ListItem\",\"position\":2,\"name\":\"Catering en Munich\"}]},{\"@type\":\"WebSite\",\"@id\":\"https:\\\/\\\/www.elcolmado.de\\\/#website\",\"url\":\"https:\\\/\\\/www.elcolmado.de\\\/\",\"name\":\"elcolmado.de\",\"description\":\"Bar Tapas Berlin\",\"potentialAction\":[{\"@type\":\"SearchAction\",\"target\":{\"@type\":\"EntryPoint\",\"urlTemplate\":\"https:\\\/\\\/www.elcolmado.de\\\/?s={search_term_string}\"},\"query-input\":{\"@type\":\"PropertyValueSpecification\",\"valueRequired\":true,\"valueName\":\"search_term_string\"}}],\"inLanguage\":\"es\"}]}<\/script>\n<!-- \/ Yoast SEO plugin. -->","yoast_head_json":{"title":"Catering en Munich - elcolmado.de","description":"Servicio de Catering en Munich con El Colmado. Somos una empresa de catering en Munich. Nos adaptamos a tu presupuesto","robots":{"index":"index","follow":"follow","max-snippet":"max-snippet:-1","max-image-preview":"max-image-preview:large","max-video-preview":"max-video-preview:-1"},"canonical":"https:\/\/www.elcolmado.de\/es\/catering-en-munich\/","og_locale":"es_ES","og_type":"article","og_title":"Catering en Munich - elcolmado.de","og_description":"Servicio de Catering en Munich con El Colmado. Somos una empresa de catering en Munich. Nos adaptamos a tu presupuesto","og_url":"https:\/\/www.elcolmado.de\/es\/catering-en-munich\/","og_site_name":"elcolmado.de","article_modified_time":"2026-01-14T09:11:47+00:00","twitter_card":"summary_large_image","twitter_misc":{"Tiempo de lectura":"1 minuto"},"schema":{"@context":"https:\/\/schema.org","@graph":[{"@type":"WebPage","@id":"https:\/\/www.elcolmado.de\/es\/catering-en-munich\/","url":"https:\/\/www.elcolmado.de\/es\/catering-en-munich\/","name":"Catering en Munich - elcolmado.de","isPartOf":{"@id":"https:\/\/www.elcolmado.de\/#website"},"datePublished":"2026-01-12T10:41:29+00:00","dateModified":"2026-01-14T09:11:47+00:00","description":"Servicio de Catering en Munich con El Colmado. Somos una empresa de catering en Munich. Nos adaptamos a tu presupuesto","breadcrumb":{"@id":"https:\/\/www.elcolmado.de\/es\/catering-en-munich\/#breadcrumb"},"inLanguage":"es","potentialAction":[{"@type":"ReadAction","target":["https:\/\/www.elcolmado.de\/es\/catering-en-munich\/"]}]},{"@type":"BreadcrumbList","@id":"https:\/\/www.elcolmado.de\/es\/catering-en-munich\/#breadcrumb","itemListElement":[{"@type":"ListItem","position":1,"name":"Portada","item":"https:\/\/www.elcolmado.de\/es\/"},{"@type":"ListItem","position":2,"name":"Catering en Munich"}]},{"@type":"WebSite","@id":"https:\/\/www.elcolmado.de\/#website","url":"https:\/\/www.elcolmado.de\/","name":"elcolmado.de","description":"Bar Tapas Berlin","potentialAction":[{"@type":"SearchAction","target":{"@type":"EntryPoint","urlTemplate":"https:\/\/www.elcolmado.de\/?s={search_term_string}"},"query-input":{"@type":"PropertyValueSpecification","valueRequired":true,"valueName":"search_term_string"}}],"inLanguage":"es"}]}},"_links":{"self":[{"href":"https:\/\/www.elcolmado.de\/es\/wp-json\/wp\/v2\/pages\/7753","targetHints":{"allow":["GET"]}}],"collection":[{"href":"https:\/\/www.elcolmado.de\/es\/wp-json\/wp\/v2\/pages"}],"about":[{"href":"https:\/\/www.elcolmado.de\/es\/wp-json\/wp\/v2\/types\/page"}],"author":[{"embeddable":true,"href":"https:\/\/www.elcolmado.de\/es\/wp-json\/wp\/v2\/users\/4"}],"replies":[{"embeddable":true,"href":"https:\/\/www.elcolmado.de\/es\/wp-json\/wp\/v2\/comments?post=7753"}],"version-history":[{"count":16,"href":"https:\/\/www.elcolmado.de\/es\/wp-json\/wp\/v2\/pages\/7753\/revisions"}],"predecessor-version":[{"id":7799,"href":"https:\/\/www.elcolmado.de\/es\/wp-json\/wp\/v2\/pages\/7753\/revisions\/7799"}],"wp:attachment":[{"href":"https:\/\/www.elcolmado.de\/es\/wp-json\/wp\/v2\/media?parent=7753"}],"curies":[{"name":"wp","href":"https:\/\/api.w.org\/{rel}","templated":true}]}}